	{"id":7798778,"date":"2025-07-17T19:08:58","date_gmt":"2025-07-17T17:08:58","guid":{"rendered":"https:\/\/hepsi-markt.de\/?page_id=7798778"},"modified":"2025-07-17T19:18:10","modified_gmt":"2025-07-17T17:18:10","slug":"hepsi-whatsapp-bot-2","status":"publish","type":"page","link":"https:\/\/hepsi-markt.de\/uk\/hepsi-whatsapp-bot-2\/","title":{"rendered":"Hepsi Whatsapp Bot"},"content":{"rendered":"\t\t<div data-elementor-type=\"wp-page\" data-elementor-id=\"7798778\" class=\"elementor elementor-7798778 elementor-7798766\" data-elementor-post-type=\"page\">\n\t\t\t\t<div class=\"elementor-element elementor-element-3880617 e-flex e-con-boxed e-con e-parent\" data-id=\"3880617\" data-element_type=\"container\">\n\t\t\t\t\t<div class=\"e-con-inner\">\n\t\t\t\t<div class=\"elementor-element elementor-element-b56774d elementor-widget elementor-widget-image\" data-id=\"b56774d\" data-element_type=\"widget\" data-widget_type=\"image.default\">\n\t\t\t\t<div class=\"elementor-widget-container\">\n\t\t\t\t\t\t\t\t\t\t\t\t\t\t\t\t<a href=\"https:\/\/hpzi.de\/s6\" target=\"_blank\" rel=\"noopener\">\n\t\t\t\t\t\t\t<img fetchpriority=\"high\" decoding=\"async\" width=\"1536\" height=\"1025\" src=\"https:\/\/hepsi-markt.de\/wp-content\/uploads\/2025\/07\/iStock-1589251620-1536x1025.jpg\" class=\"attachment-1536x1536 size-1536x1536 wp-image-7799173\" alt=\"\" srcset=\"https:\/\/hepsi-markt.de\/wp-content\/uploads\/2025\/07\/iStock-1589251620-1536x1025.jpg 1536w, https:\/\/hepsi-markt.de\/wp-content\/uploads\/2025\/07\/iStock-1589251620-300x200.jpg 300w, https:\/\/hepsi-markt.de\/wp-content\/uploads\/2025\/07\/iStock-1589251620-1024x683.jpg 1024w, https:\/\/hepsi-markt.de\/wp-content\/uploads\/2025\/07\/iStock-1589251620-768x512.jpg 768w, https:\/\/hepsi-markt.de\/wp-content\/uploads\/2025\/07\/iStock-1589251620-500x333.jpg 500w\" sizes=\"(max-width: 1536px) 100vw, 1536px\" \/>\t\t\t\t\t\t\t\t<\/a>\n\t\t\t\t\t\t\t\t\t\t\t\t\t\t\t<\/div>\n\t\t\t\t<\/div>\n\t\t\t\t<div class=\"elementor-element elementor-element-99aa6a1 elementor-widget elementor-widget-heading\" data-id=\"99aa6a1\" data-element_type=\"widget\" data-widget_type=\"heading.default\">\n\t\t\t\t<div class=\"elementor-widget-container\">\n\t\t\t\t\t<h2 class=\"elementor-heading-title elementor-size-default\">Zum Newsletter anmelden und Gutschein sichern<\/h2>\t\t\t\t<\/div>\n\t\t\t\t<\/div>\n\t\t\t\t<div class=\"elementor-element elementor-element-dd8fa31 elementor-widget elementor-widget-html\" data-id=\"dd8fa31\" data-element_type=\"widget\" data-widget_type=\"html.default\">\n\t\t\t\t<div class=\"elementor-widget-container\">\n\t\t\t\t\t<div class=\"klaviyo-form-XYNF8b\"><\/div>\n\t\t\t\t<\/div>\n\t\t\t\t<\/div>\n\t\t\t\t\t<\/div>\n\t\t\t\t<\/div>\n\t\t<div class=\"elementor-element elementor-element-b582714 e-flex e-con-boxed e-con e-parent\" data-id=\"b582714\" data-element_type=\"container\">\n\t\t\t\t\t<div class=\"e-con-inner\">\n\t\t\t\t<div class=\"elementor-element elementor-element-00be4e5 elementor-widget elementor-widget-heading\" data-id=\"00be4e5\" data-element_type=\"widget\" data-widget_type=\"heading.default\">\n\t\t\t\t<div class=\"elementor-widget-container\">\n\t\t\t\t\t<h2 class=\"elementor-heading-title elementor-size-default\">Deine Vorteile<\/h2>\t\t\t\t<\/div>\n\t\t\t\t<\/div>\n\t\t\t\t\t<\/div>\n\t\t\t\t<\/div>\n\t\t<div class=\"elementor-element elementor-element-7b7376a e-flex e-con-boxed e-con e-parent\" data-id=\"7b7376a\" data-element_type=\"container\">\n\t\t\t\t\t<div class=\"e-con-inner\">\n\t\t<div class=\"elementor-element elementor-element-d3d3ac5 e-con-full e-flex e-con e-child\" data-id=\"d3d3ac5\" data-element_type=\"container\">\n\t\t\t\t<div class=\"elementor-element elementor-element-89bcc1f elementor-widget elementor-widget-image\" data-id=\"89bcc1f\" data-element_type=\"widget\" data-widget_type=\"image.default\">\n\t\t\t\t<div class=\"elementor-widget-container\">\n\t\t\t\t\t\t\t\t\t\t\t\t\t\t\t<img decoding=\"async\" width=\"1024\" height=\"1024\" src=\"https:\/\/hepsi-markt.de\/wp-content\/uploads\/2025\/07\/Titel-1-1024x1024.jpg\" class=\"attachment-large size-large wp-image-7799238\" alt=\"\" srcset=\"https:\/\/hepsi-markt.de\/wp-content\/uploads\/2025\/07\/Titel-1-1024x1024.jpg 1024w, https:\/\/hepsi-markt.de\/wp-content\/uploads\/2025\/07\/Titel-1-300x300.jpg 300w, https:\/\/hepsi-markt.de\/wp-content\/uploads\/2025\/07\/Titel-1-150x150.jpg 150w, https:\/\/hepsi-markt.de\/wp-content\/uploads\/2025\/07\/Titel-1-768x768.jpg 768w, https:\/\/hepsi-markt.de\/wp-content\/uploads\/2025\/07\/Titel-1-1536x1536.jpg 1536w, https:\/\/hepsi-markt.de\/wp-content\/uploads\/2025\/07\/Titel-1-2048x2048.jpg 2048w, https:\/\/hepsi-markt.de\/wp-content\/uploads\/2025\/07\/Titel-1-500x500.jpg 500w, https:\/\/hepsi-markt.de\/wp-content\/uploads\/2025\/07\/Titel-1-100x100.jpg 100w\" sizes=\"(max-width: 1024px) 100vw, 1024px\" \/>\t\t\t\t\t\t\t\t\t\t\t\t\t\t\t<\/div>\n\t\t\t\t<\/div>\n\t\t\t\t<\/div>\n\t\t<div class=\"elementor-element elementor-element-abba83f e-con-full e-flex e-con e-child\" data-id=\"abba83f\" data-element_type=\"container\">\n\t\t\t\t<div class=\"elementor-element elementor-element-69a6fc8 elementor-widget elementor-widget-image\" data-id=\"69a6fc8\" data-element_type=\"widget\" data-widget_type=\"image.default\">\n\t\t\t\t<div class=\"elementor-widget-container\">\n\t\t\t\t\t\t\t\t\t\t\t\t\t\t\t<img decoding=\"async\" width=\"1024\" height=\"1024\" src=\"https:\/\/hepsi-markt.de\/wp-content\/uploads\/2025\/07\/2-1-1024x1024.jpg\" class=\"attachment-large size-large wp-image-7799199\" alt=\"\" srcset=\"https:\/\/hepsi-markt.de\/wp-content\/uploads\/2025\/07\/2-1-1024x1024.jpg 1024w, https:\/\/hepsi-markt.de\/wp-content\/uploads\/2025\/07\/2-1-300x300.jpg 300w, https:\/\/hepsi-markt.de\/wp-content\/uploads\/2025\/07\/2-1-150x150.jpg 150w, https:\/\/hepsi-markt.de\/wp-content\/uploads\/2025\/07\/2-1-768x768.jpg 768w, https:\/\/hepsi-markt.de\/wp-content\/uploads\/2025\/07\/2-1-1536x1536.jpg 1536w, https:\/\/hepsi-markt.de\/wp-content\/uploads\/2025\/07\/2-1-2048x2048.jpg 2048w, https:\/\/hepsi-markt.de\/wp-content\/uploads\/2025\/07\/2-1-500x500.jpg 500w, https:\/\/hepsi-markt.de\/wp-content\/uploads\/2025\/07\/2-1-100x100.jpg 100w\" sizes=\"(max-width: 1024px) 100vw, 1024px\" \/>\t\t\t\t\t\t\t\t\t\t\t\t\t\t\t<\/div>\n\t\t\t\t<\/div>\n\t\t\t\t<\/div>\n\t\t<div class=\"elementor-element elementor-element-067ae37 e-con-full e-flex e-con e-child\" data-id=\"067ae37\" data-element_type=\"container\">\n\t\t\t\t<div class=\"elementor-element elementor-element-9f1e8eb elementor-widget elementor-widget-image\" data-id=\"9f1e8eb\" data-element_type=\"widget\" data-widget_type=\"image.default\">\n\t\t\t\t<div class=\"elementor-widget-container\">\n\t\t\t\t\t\t\t\t\t\t\t\t\t\t\t<img loading=\"lazy\" decoding=\"async\" width=\"1024\" height=\"1024\" src=\"https:\/\/hepsi-markt.de\/wp-content\/uploads\/2025\/07\/3-1024x1024.jpg\" class=\"attachment-large size-large wp-image-7799212\" alt=\"\" srcset=\"https:\/\/hepsi-markt.de\/wp-content\/uploads\/2025\/07\/3-1024x1024.jpg 1024w, https:\/\/hepsi-markt.de\/wp-content\/uploads\/2025\/07\/3-300x300.jpg 300w, https:\/\/hepsi-markt.de\/wp-content\/uploads\/2025\/07\/3-150x150.jpg 150w, https:\/\/hepsi-markt.de\/wp-content\/uploads\/2025\/07\/3-768x768.jpg 768w, https:\/\/hepsi-markt.de\/wp-content\/uploads\/2025\/07\/3-1536x1536.jpg 1536w, https:\/\/hepsi-markt.de\/wp-content\/uploads\/2025\/07\/3-2048x2048.jpg 2048w, https:\/\/hepsi-markt.de\/wp-content\/uploads\/2025\/07\/3-500x500.jpg 500w, https:\/\/hepsi-markt.de\/wp-content\/uploads\/2025\/07\/3-100x100.jpg 100w\" sizes=\"(max-width: 1024px) 100vw, 1024px\" \/>\t\t\t\t\t\t\t\t\t\t\t\t\t\t\t<\/div>\n\t\t\t\t<\/div>\n\t\t\t\t<\/div>\n\t\t<div class=\"elementor-element elementor-element-545fb30 e-con-full e-flex e-con e-child\" data-id=\"545fb30\" data-element_type=\"container\">\n\t\t\t\t<div class=\"elementor-element elementor-element-0f50dda elementor-widget elementor-widget-image\" data-id=\"0f50dda\" data-element_type=\"widget\" data-widget_type=\"image.default\">\n\t\t\t\t<div class=\"elementor-widget-container\">\n\t\t\t\t\t\t\t\t\t\t\t\t\t\t\t<img loading=\"lazy\" decoding=\"async\" width=\"1024\" height=\"1024\" src=\"https:\/\/hepsi-markt.de\/wp-content\/uploads\/2025\/07\/4-1024x1024.jpg\" class=\"attachment-large size-large wp-image-7799225\" alt=\"\" srcset=\"https:\/\/hepsi-markt.de\/wp-content\/uploads\/2025\/07\/4-1024x1024.jpg 1024w, https:\/\/hepsi-markt.de\/wp-content\/uploads\/2025\/07\/4-300x300.jpg 300w, https:\/\/hepsi-markt.de\/wp-content\/uploads\/2025\/07\/4-150x150.jpg 150w, https:\/\/hepsi-markt.de\/wp-content\/uploads\/2025\/07\/4-768x768.jpg 768w, https:\/\/hepsi-markt.de\/wp-content\/uploads\/2025\/07\/4-1536x1536.jpg 1536w, https:\/\/hepsi-markt.de\/wp-content\/uploads\/2025\/07\/4-2048x2048.jpg 2048w, https:\/\/hepsi-markt.de\/wp-content\/uploads\/2025\/07\/4-500x500.jpg 500w, https:\/\/hepsi-markt.de\/wp-content\/uploads\/2025\/07\/4-100x100.jpg 100w\" sizes=\"(max-width: 1024px) 100vw, 1024px\" \/>\t\t\t\t\t\t\t\t\t\t\t\t\t\t\t<\/div>\n\t\t\t\t<\/div>\n\t\t\t\t<\/div>\n\t\t\t\t\t<\/div>\n\t\t\t\t<\/div>\n\t\t<div class=\"elementor-element elementor-element-ad4e688 e-flex e-con-boxed e-con e-parent\" data-id=\"ad4e688\" data-element_type=\"container\">\n\t\t\t\t\t<div class=\"e-con-inner\">\n\t\t\t\t<div class=\"elementor-element elementor-element-829952b elementor-widget elementor-widget-text-editor\" data-id=\"829952b\" data-element_type=\"widget\" data-widget_type=\"text-editor.default\">\n\t\t\t\t<div class=\"elementor-widget-container\">\n\t\t\t\t\t\t\t\t\t<h2 data-start=\"218\" data-end=\"284\"><strong data-start=\"221\" data-end=\"284\">Hepsi Newsletter: Deine Angebote. Deine Kultur. Dein Markt.<\/strong><\/h2><p data-start=\"286\" data-end=\"557\">Bleib immer auf dem Laufenden und entdecke jede Woche neue Highlights bei Hepsi Markt. Ob frische Zutaten f\u00fcr deine Lieblingsgerichte, Spezialit\u00e4ten aus der T\u00fcrkei, dem Balkan oder dem Orient \u2013 mit unserem kostenlosen Newsletter verpasst du keine Angebote mehr.<\/p><h3 data-start=\"559\" data-end=\"616\"><strong data-start=\"563\" data-end=\"616\">Mit dem Hepsi-Newsletter bei jedem Einkauf sparen<\/strong><\/h3><p data-start=\"618\" data-end=\"952\">Mit dem Hepsi Newsletter wirst du zuerst informiert \u2013 \u00fcber neue Produkte, exklusive Wochenangebote, Aktionen in deiner Filiale und aktuelle Highlights aus unserem vielf\u00e4ltigen Sortiment. Ob Feinkost, Fleischtheke, orientalische Gew\u00fcrze oder Gem\u00fcse direkt vom Gro\u00dfmarkt: So wei\u00dft du immer, wann es sich besonders lohnt, vorbeizukommen.<\/p><h3 data-start=\"954\" data-end=\"1007\"><strong data-start=\"958\" data-end=\"1007\">Werde Sparfuchs: Deine Vorteile als Hepsi Newsletter-Abonnent<\/strong><\/h3><ul data-start=\"1009\" data-end=\"1206\"><li data-start=\"1009\" data-end=\"1061\"><p data-start=\"1011\" data-end=\"1061\">Exklusive Angebote nur f\u00fcr Newsletter-Abonnenten<\/p><\/li><li data-start=\"1062\" data-end=\"1111\"><p data-start=\"1064\" data-end=\"1111\">Infos zu neuen Aktionen und Produkthighlights<\/p><\/li><li data-start=\"1112\" data-end=\"1166\"><p data-start=\"1114\" data-end=\"1166\">Einblicke hinter die Kulissen deiner Hepsi Filiale<\/p><\/li><li data-start=\"1167\" data-end=\"1206\"><p data-start=\"1169\" data-end=\"1206\">Tipps rund um K\u00fcche, Kultur &amp; Einkauf<\/p><\/li><\/ul><h3 data-start=\"1208\" data-end=\"1247\"><strong data-start=\"1212\" data-end=\"1247\">Jetzt bequem beim Hepsi-Newsletter anmelden und Vorteile genie\u00dfen<\/strong><\/h3><p data-start=\"1249\" data-end=\"1510\">Die Anmeldung ist kostenlos und dauert nur 1 Minute. Du brauchst nichts weiter als deine E-Mail-Adresse \u2013 und schon bist du dabei. Wir gehen verantwortungsvoll mit deinen Daten um und bieten dir jederzeit die M\u00f6glichkeit, dich mit einem Klick wieder abzumelden.<\/p>\t\t\t\t\t\t\t\t<\/div>\n\t\t\t\t<\/div>\n\t\t\t\t\t<\/div>\n\t\t\t\t<\/div>\n\t\t<div class=\"elementor-element elementor-element-6b4415c e-flex e-con-boxed e-con e-parent\" data-id=\"6b4415c\" data-element_type=\"container\">\n\t\t\t\t\t<div class=\"e-con-inner\">\n\t\t\t\t<div class=\"elementor-element elementor-element-637cc48 elementor-widget elementor-widget-n-accordion\" data-id=\"637cc48\" data-element_type=\"widget\" data-settings=\"{&quot;default_state&quot;:&quot;expanded&quot;,&quot;max_items_expended&quot;:&quot;one&quot;,&quot;n_accordion_animation_duration&quot;:{&quot;unit&quot;:&quot;ms&quot;,&quot;size&quot;:400,&quot;sizes&quot;:[]}}\" data-widget_type=\"nested-accordion.default\">\n\t\t\t\t<div class=\"elementor-widget-container\">\n\t\t\t\t\t\t\t<div class=\"e-n-accordion\" aria-label=\"Accordion. Open links with Enter or Space, close with Escape, and navigate with Arrow Keys\">\n\t\t\t\t\t\t<details id=\"e-n-accordion-item-1040\" class=\"e-n-accordion-item\" open>\n\t\t\t\t<summary class=\"e-n-accordion-item-title\" data-accordion-index=\"1\" tabindex=\"0\" aria-expanded=\"true\" aria-controls=\"e-n-accordion-item-1040\" >\n\t\t\t\t\t<span class='e-n-accordion-item-title-header'><div class=\"e-n-accordion-item-title-text\"> *Hinweis zum Willkommensgeschenk <\/div><\/span>\n\t\t\t\t\t\t\t<span class='e-n-accordion-item-title-icon'>\n\t\t\t<span class='e-opened' ><i aria-hidden=\"true\" class=\"fas fa-minus-square\"><\/i><\/span>\n\t\t\t<span class='e-closed'><i aria-hidden=\"true\" class=\"fas fa-plus-square\"><\/i><\/span>\n\t\t<\/span>\n\n\t\t\t\t\t\t<\/summary>\n\t\t\t\t<div role=\"region\" aria-labelledby=\"e-n-accordion-item-1040\" class=\"elementor-element elementor-element-d67b626 e-con-full e-flex e-con e-child\" data-id=\"d67b626\" data-element_type=\"container\">\n\t\t\t\t<div class=\"elementor-element elementor-element-4caec97 elementor-widget elementor-widget-text-editor\" data-id=\"4caec97\" data-element_type=\"widget\" data-widget_type=\"text-editor.default\">\n\t\t\t\t<div class=\"elementor-widget-container\">\n\t\t\t\t\t\t\t\t\t<p>Jede<em data-start=\"265\" data-end=\"292\">r Newsletter-Erstanmelder<\/em>\u00a0erh\u00e4lt ein <strong data-start=\"306\" data-end=\"340\">einmaliges Willkommensgeschenk<\/strong>, das <strong data-start=\"346\" data-end=\"414\">exklusiv vor Ort in einer unserer Filialen eingel\u00f6st werden kann<\/strong> (Essen, M\u00fclheim, Leverkusen). Was genau dich erwartet, verraten wir in der ersten E-Mail nach deiner Anmeldung.<br data-start=\"526\" data-end=\"529\" \/>Das Angebot gilt <strong data-start=\"546\" data-end=\"579\" data-is-only-node=\"\">nur bei erstmaliger Anmeldung<\/strong> und <strong data-start=\"584\" data-end=\"617\">nur solange der Vorrat reicht<\/strong>. Eine Barauszahlung oder Kombination mit anderen Aktionen ist nicht m\u00f6glich.<br data-start=\"694\" data-end=\"697\" \/>Pro Person ist nur <strong data-start=\"716\" data-end=\"743\">ein Willkommensgeschenk<\/strong> einl\u00f6sbar. \u00c4nderungen und Irrt\u00fcmer vorbehalten.<br data-start=\"791\" data-end=\"794\" \/><strong data-start=\"794\" data-end=\"827\">Nur g\u00fcltig f\u00fcr Endkund*innen.<\/strong><\/p>\t\t\t\t\t\t\t\t<\/div>\n\t\t\t\t<\/div>\n\t\t\t\t<\/div>\n\t\t\t\t\t<\/details>\n\t\t\t\t\t<\/div>\n\t\t\t\t\t\t<\/div>\n\t\t\t\t<\/div>\n\t\t\t\t\t<\/div>\n\t\t\t\t<\/div>\n\t\t<div class=\"elementor-element elementor-element-79c4e17 e-flex e-con-boxed e-con e-parent\" data-id=\"79c4e17\" data-element_type=\"container\">\n\t\t\t\t\t<div class=\"e-con-inner\">\n\t\t<div class=\"elementor-element elementor-element-4bb9b9c e-con-full e-flex e-con e-child\" data-id=\"4bb9b9c\" data-element_type=\"container\">\n\t\t\t\t<\/div>\n\t\t\t\t\t<\/div>\n\t\t\t\t<\/div>\n\t\t\t\t<\/div>\n\t\t","protected":false},"excerpt":{"rendered":"<p>Zum Newsletter anmelden und Gutschein sichern Deine Vorteile Hepsi Newsletter: Deine Angebote. Deine Kultur. Dein Markt. Bleib immer auf dem Laufenden und entdecke jede Woche neue Highlights bei Hepsi Markt. Ob frische Zutaten f\u00fcr deine Lieblingsgerichte, Spezialit\u00e4ten aus der T\u00fcrkei, dem Balkan oder dem Orient \u2013 mit unserem kostenlosen Newsletter verpasst du keine Angebote mehr. [&hellip;]<\/p>\n","protected":false},"author":6,"featured_media":0,"parent":0,"menu_order":0,"comment_status":"closed","ping_status":"closed","template":"elementor_header_footer","meta":{"_acf_changed":false,"footnotes":""},"class_list":["post-7798778","page","type-page","status-publish","hentry"],"acf":[],"_links":{"self":[{"href":"https:\/\/hepsi-markt.de\/uk\/wp-json\/wp\/v2\/pages\/7798778","targetHints":{"allow":["GET"]}}],"collection":[{"href":"https:\/\/hepsi-markt.de\/uk\/wp-json\/wp\/v2\/pages"}],"about":[{"href":"https:\/\/hepsi-markt.de\/uk\/wp-json\/wp\/v2\/types\/page"}],"author":[{"embeddable":true,"href":"https:\/\/hepsi-markt.de\/uk\/wp-json\/wp\/v2\/users\/6"}],"replies":[{"embeddable":true,"href":"https:\/\/hepsi-markt.de\/uk\/wp-json\/wp\/v2\/comments?post=7798778"}],"version-history":[{"count":4,"href":"https:\/\/hepsi-markt.de\/uk\/wp-json\/wp\/v2\/pages\/7798778\/revisions"}],"predecessor-version":[{"id":7799297,"href":"https:\/\/hepsi-markt.de\/uk\/wp-json\/wp\/v2\/pages\/7798778\/revisions\/7799297"}],"wp:attachment":[{"href":"https:\/\/hepsi-markt.de\/uk\/wp-json\/wp\/v2\/media?parent=7798778"}],"curies":[{"name":"wp","href":"https:\/\/api.w.org\/{rel}","templated":true}]}}