	{"id":7828225,"date":"2026-04-05T02:59:13","date_gmt":"2026-04-05T00:59:13","guid":{"rendered":"https:\/\/hepsi-markt.de\/produkt\/kurban-lamm\/"},"modified":"2026-04-05T02:59:13","modified_gmt":"2026-04-05T00:59:13","slug":"kurban-lamm","status":"publish","type":"product","link":"https:\/\/hepsi-markt.de\/tr\/produkt\/kurban-lamm\/","title":{"rendered":"Kurban Lamm"},"content":{"rendered":"<p>Ihr Hepsi Markt unterst\u00fctz das Opferfest, Ihr Tier wird nach religi\u00f6sem Brauch durch einen t\u00fcrkischen Hodscha geschlachtet. Vor der Schlachtung wird ein islamisches Gebet gesprochen. Das Tier wird anschlie\u00dfend von ausgebildeten Metzger weiter zerlegt. Au\u00dferdem bieten wir Ihnen bei der weiteren Zerlegung unsere Hilfe und weitere Leistungen an, um den Tag so reibungslos wie m\u00f6glich f\u00fcr Sie zu gestalten.<\/p>\n","protected":false},"excerpt":{"rendered":"<p>20 Kg <br \/>St\u00fcck = 400<\/p>\n","protected":false},"featured_media":7792030,"template":"","meta":{"_acf_changed":false},"product_brand":[],"product_cat":[399],"product_tag":[],"class_list":{"0":"post-7828225","1":"product","2":"type-product","3":"status-publish","4":"has-post-thumbnail","6":"product_cat-frischetheke","8":"first","9":"instock","10":"shipping-taxable","11":"product-type-simple"},"acf":[],"_links":{"self":[{"href":"https:\/\/hepsi-markt.de\/tr\/wp-json\/wp\/v2\/product\/7828225","targetHints":{"allow":["GET"]}}],"collection":[{"href":"https:\/\/hepsi-markt.de\/tr\/wp-json\/wp\/v2\/product"}],"about":[{"href":"https:\/\/hepsi-markt.de\/tr\/wp-json\/wp\/v2\/types\/product"}],"wp:featuredmedia":[{"embeddable":true,"href":"https:\/\/hepsi-markt.de\/tr\/wp-json\/wp\/v2\/media\/7792030"}],"wp:attachment":[{"href":"https:\/\/hepsi-markt.de\/tr\/wp-json\/wp\/v2\/media?parent=7828225"}],"wp:term":[{"taxonomy":"product_brand","embeddable":true,"href":"https:\/\/hepsi-markt.de\/tr\/wp-json\/wp\/v2\/product_brand?post=7828225"},{"taxonomy":"product_cat","embeddable":true,"href":"https:\/\/hepsi-markt.de\/tr\/wp-json\/wp\/v2\/product_cat?post=7828225"},{"taxonomy":"product_tag","embeddable":true,"href":"https:\/\/hepsi-markt.de\/tr\/wp-json\/wp\/v2\/product_tag?post=7828225"}],"curies":[{"name":"wp","href":"https:\/\/api.w.org\/{rel}","templated":true}]}}