	{"id":7828087,"date":"2026-04-03T02:58:52","date_gmt":"2026-04-03T00:58:52","guid":{"rendered":"https:\/\/hepsi-markt.de\/produkt\/oeztuerk-joghurt-35-3\/"},"modified":"2026-04-04T02:44:16","modified_gmt":"2026-04-04T00:44:16","slug":"oeztuerk-joghurt-35-3","status":"publish","type":"product","link":"https:\/\/hepsi-markt.de\/tr\/produkt\/oeztuerk-joghurt-35-3\/","title":{"rendered":"\u00d6zt\u00fcrk Joghurt 3,5%"},"content":{"rendered":"<p>\u00d6zt\u00fcrk Joghurt 3,5% 1kg<\/p>\n","protected":false},"excerpt":{"rendered":"<p>1000 G<br \/>1000 Gramm = 1,49<\/p>\n","protected":false},"featured_media":7729851,"template":"","meta":{"_acf_changed":false},"product_brand":[],"product_cat":[393],"product_tag":[],"class_list":{"0":"post-7828087","1":"product","2":"type-product","3":"status-publish","4":"has-post-thumbnail","6":"product_cat-kaese-eier-molkerei","8":"first","9":"outofstock","10":"shipping-taxable","11":"product-type-simple"},"acf":[],"_links":{"self":[{"href":"https:\/\/hepsi-markt.de\/tr\/wp-json\/wp\/v2\/product\/7828087","targetHints":{"allow":["GET"]}}],"collection":[{"href":"https:\/\/hepsi-markt.de\/tr\/wp-json\/wp\/v2\/product"}],"about":[{"href":"https:\/\/hepsi-markt.de\/tr\/wp-json\/wp\/v2\/types\/product"}],"wp:featuredmedia":[{"embeddable":true,"href":"https:\/\/hepsi-markt.de\/tr\/wp-json\/wp\/v2\/media\/7729851"}],"wp:attachment":[{"href":"https:\/\/hepsi-markt.de\/tr\/wp-json\/wp\/v2\/media?parent=7828087"}],"wp:term":[{"taxonomy":"product_brand","embeddable":true,"href":"https:\/\/hepsi-markt.de\/tr\/wp-json\/wp\/v2\/product_brand?post=7828087"},{"taxonomy":"product_cat","embeddable":true,"href":"https:\/\/hepsi-markt.de\/tr\/wp-json\/wp\/v2\/product_cat?post=7828087"},{"taxonomy":"product_tag","embeddable":true,"href":"https:\/\/hepsi-markt.de\/tr\/wp-json\/wp\/v2\/product_tag?post=7828087"}],"curies":[{"name":"wp","href":"https:\/\/api.w.org\/{rel}","templated":true}]}}