	{"id":7828084,"date":"2026-04-03T02:58:50","date_gmt":"2026-04-03T00:58:50","guid":{"rendered":"https:\/\/hepsi-markt.de\/produkt\/oeztuerk-hindi-toast-salam\/"},"modified":"2026-04-05T02:19:24","modified_gmt":"2026-04-05T00:19:24","slug":"oeztuerk-hindi-toast-salam","status":"publish","type":"product","link":"https:\/\/hepsi-markt.de\/tr\/produkt\/oeztuerk-hindi-toast-salam\/","title":{"rendered":"\u00d6zt\u00fcrk Hindi Toast Salam"},"content":{"rendered":"<p>\u00d6zt\u00fcrk Hindi Toast Salam 200g<\/p>\n","protected":false},"excerpt":{"rendered":"<p>200 G<br \/>100 Gramm = 1<\/p>\n","protected":false},"featured_media":7729627,"template":"","meta":{"_acf_changed":false},"product_brand":[],"product_cat":[401],"product_tag":[],"class_list":{"0":"post-7828084","1":"product","2":"type-product","3":"status-publish","4":"has-post-thumbnail","6":"product_cat-wurstwaren","8":"first","9":"outofstock","10":"shipping-taxable","11":"product-type-simple"},"acf":[],"_links":{"self":[{"href":"https:\/\/hepsi-markt.de\/tr\/wp-json\/wp\/v2\/product\/7828084","targetHints":{"allow":["GET"]}}],"collection":[{"href":"https:\/\/hepsi-markt.de\/tr\/wp-json\/wp\/v2\/product"}],"about":[{"href":"https:\/\/hepsi-markt.de\/tr\/wp-json\/wp\/v2\/types\/product"}],"wp:featuredmedia":[{"embeddable":true,"href":"https:\/\/hepsi-markt.de\/tr\/wp-json\/wp\/v2\/media\/7729627"}],"wp:attachment":[{"href":"https:\/\/hepsi-markt.de\/tr\/wp-json\/wp\/v2\/media?parent=7828084"}],"wp:term":[{"taxonomy":"product_brand","embeddable":true,"href":"https:\/\/hepsi-markt.de\/tr\/wp-json\/wp\/v2\/product_brand?post=7828084"},{"taxonomy":"product_cat","embeddable":true,"href":"https:\/\/hepsi-markt.de\/tr\/wp-json\/wp\/v2\/product_cat?post=7828084"},{"taxonomy":"product_tag","embeddable":true,"href":"https:\/\/hepsi-markt.de\/tr\/wp-json\/wp\/v2\/product_tag?post=7828084"}],"curies":[{"name":"wp","href":"https:\/\/api.w.org\/{rel}","templated":true}]}}