	{"id":7827464,"date":"2026-03-27T04:15:20","date_gmt":"2026-03-27T03:15:20","guid":{"rendered":"https:\/\/hepsi-markt.de\/produkt\/oencue-nar-eksisi-330ml\/"},"modified":"2026-04-04T03:03:54","modified_gmt":"2026-04-04T01:03:54","slug":"oencue-nar-eksisi-330ml","status":"publish","type":"product","link":"https:\/\/hepsi-markt.de\/tr\/produkt\/oencue-nar-eksisi-330ml\/","title":{"rendered":"\u00d6nc\u00fc Nar Eksisi 330ml"},"content":{"rendered":"<p>\u00d6nc\u00fc Nar Eksisi 330ml<\/p>\n","protected":false},"excerpt":{"rendered":"<p>330 ML<br \/>1000 Milliliter = 3,61<\/p>\n","protected":false},"featured_media":7720877,"template":"","meta":{"_acf_changed":false},"product_brand":[],"product_cat":[395],"product_tag":[],"class_list":{"0":"post-7827464","1":"product","2":"type-product","3":"status-publish","4":"has-post-thumbnail","6":"product_cat-kochen-backen","8":"first","9":"outofstock","10":"shipping-taxable","11":"product-type-simple"},"acf":[],"_links":{"self":[{"href":"https:\/\/hepsi-markt.de\/tr\/wp-json\/wp\/v2\/product\/7827464","targetHints":{"allow":["GET"]}}],"collection":[{"href":"https:\/\/hepsi-markt.de\/tr\/wp-json\/wp\/v2\/product"}],"about":[{"href":"https:\/\/hepsi-markt.de\/tr\/wp-json\/wp\/v2\/types\/product"}],"wp:featuredmedia":[{"embeddable":true,"href":"https:\/\/hepsi-markt.de\/tr\/wp-json\/wp\/v2\/media\/7720877"}],"wp:attachment":[{"href":"https:\/\/hepsi-markt.de\/tr\/wp-json\/wp\/v2\/media?parent=7827464"}],"wp:term":[{"taxonomy":"product_brand","embeddable":true,"href":"https:\/\/hepsi-markt.de\/tr\/wp-json\/wp\/v2\/product_brand?post=7827464"},{"taxonomy":"product_cat","embeddable":true,"href":"https:\/\/hepsi-markt.de\/tr\/wp-json\/wp\/v2\/product_cat?post=7827464"},{"taxonomy":"product_tag","embeddable":true,"href":"https:\/\/hepsi-markt.de\/tr\/wp-json\/wp\/v2\/product_tag?post=7827464"}],"curies":[{"name":"wp","href":"https:\/\/api.w.org\/{rel}","templated":true}]}}