	{"id":7825848,"date":"2026-03-21T02:54:03","date_gmt":"2026-03-21T01:54:03","guid":{"rendered":"https:\/\/hepsi-markt.de\/produkt\/oezyoerem-puten-chilli-cheese-fleischkaese\/"},"modified":"2026-04-03T04:03:40","modified_gmt":"2026-04-03T02:03:40","slug":"oezyoerem-puten-chilli-cheese-fleischkaese","status":"publish","type":"product","link":"https:\/\/hepsi-markt.de\/tr\/produkt\/oezyoerem-puten-chilli-cheese-fleischkaese\/","title":{"rendered":"\u00d6zy\u00f6rem Puten Chilli Cheese Fleischk\u00e4se"},"content":{"rendered":"","protected":false},"excerpt":{"rendered":"<p>650g<br \/>1000 Gramm = 14,6<\/p>\n","protected":false},"featured_media":7826683,"template":"","meta":{"_acf_changed":false},"product_brand":[],"product_cat":[407],"product_tag":[],"class_list":{"0":"post-7825848","1":"product","2":"type-product","3":"status-publish","4":"has-post-thumbnail","6":"product_cat-neuheiten","8":"first","9":"outofstock","10":"shipping-taxable","11":"product-type-simple"},"acf":[],"_links":{"self":[{"href":"https:\/\/hepsi-markt.de\/tr\/wp-json\/wp\/v2\/product\/7825848","targetHints":{"allow":["GET"]}}],"collection":[{"href":"https:\/\/hepsi-markt.de\/tr\/wp-json\/wp\/v2\/product"}],"about":[{"href":"https:\/\/hepsi-markt.de\/tr\/wp-json\/wp\/v2\/types\/product"}],"wp:featuredmedia":[{"embeddable":true,"href":"https:\/\/hepsi-markt.de\/tr\/wp-json\/wp\/v2\/media\/7826683"}],"wp:attachment":[{"href":"https:\/\/hepsi-markt.de\/tr\/wp-json\/wp\/v2\/media?parent=7825848"}],"wp:term":[{"taxonomy":"product_brand","embeddable":true,"href":"https:\/\/hepsi-markt.de\/tr\/wp-json\/wp\/v2\/product_brand?post=7825848"},{"taxonomy":"product_cat","embeddable":true,"href":"https:\/\/hepsi-markt.de\/tr\/wp-json\/wp\/v2\/product_cat?post=7825848"},{"taxonomy":"product_tag","embeddable":true,"href":"https:\/\/hepsi-markt.de\/tr\/wp-json\/wp\/v2\/product_tag?post=7825848"}],"curies":[{"name":"wp","href":"https:\/\/api.w.org\/{rel}","templated":true}]}}