	{"id":7825792,"date":"2026-03-20T02:51:52","date_gmt":"2026-03-20T01:51:52","guid":{"rendered":"https:\/\/hepsi-markt.de\/produkt\/gg-koerniger-frischkaese-200g\/"},"modified":"2026-04-03T02:40:04","modified_gmt":"2026-04-03T00:40:04","slug":"gg-koerniger-frischkaese-200g","status":"publish","type":"product","link":"https:\/\/hepsi-markt.de\/tr\/produkt\/gg-koerniger-frischkaese-200g\/","title":{"rendered":"G&amp;g K\u00f6rniger Frischk\u00e4se 200g"},"content":{"rendered":"<p>G&amp;g K\u00f6rniger Frischk\u00e4se 200g<\/p>\n","protected":false},"excerpt":{"rendered":"<p>200 g<br \/>1000 Gramm = 5,95<\/p>\n","protected":false},"featured_media":7761875,"template":"","meta":{"_acf_changed":false},"product_brand":[],"product_cat":[393],"product_tag":[],"class_list":{"0":"post-7825792","1":"product","2":"type-product","3":"status-publish","4":"has-post-thumbnail","6":"product_cat-kaese-eier-molkerei","8":"first","9":"outofstock","10":"shipping-taxable","11":"product-type-simple"},"acf":[],"_links":{"self":[{"href":"https:\/\/hepsi-markt.de\/tr\/wp-json\/wp\/v2\/product\/7825792","targetHints":{"allow":["GET"]}}],"collection":[{"href":"https:\/\/hepsi-markt.de\/tr\/wp-json\/wp\/v2\/product"}],"about":[{"href":"https:\/\/hepsi-markt.de\/tr\/wp-json\/wp\/v2\/types\/product"}],"wp:featuredmedia":[{"embeddable":true,"href":"https:\/\/hepsi-markt.de\/tr\/wp-json\/wp\/v2\/media\/7761875"}],"wp:attachment":[{"href":"https:\/\/hepsi-markt.de\/tr\/wp-json\/wp\/v2\/media?parent=7825792"}],"wp:term":[{"taxonomy":"product_brand","embeddable":true,"href":"https:\/\/hepsi-markt.de\/tr\/wp-json\/wp\/v2\/product_brand?post=7825792"},{"taxonomy":"product_cat","embeddable":true,"href":"https:\/\/hepsi-markt.de\/tr\/wp-json\/wp\/v2\/product_cat?post=7825792"},{"taxonomy":"product_tag","embeddable":true,"href":"https:\/\/hepsi-markt.de\/tr\/wp-json\/wp\/v2\/product_tag?post=7825792"}],"curies":[{"name":"wp","href":"https:\/\/api.w.org\/{rel}","templated":true}]}}