	{"id":7825784,"date":"2026-03-20T02:51:42","date_gmt":"2026-03-20T01:51:42","guid":{"rendered":"https:\/\/hepsi-markt.de\/produkt\/oeztuerk-acili-sigir-sosis\/"},"modified":"2026-04-04T03:11:29","modified_gmt":"2026-04-04T01:11:29","slug":"oeztuerk-acili-sigir-sosis","status":"publish","type":"product","link":"https:\/\/hepsi-markt.de\/tr\/produkt\/oeztuerk-acili-sigir-sosis\/","title":{"rendered":"\u00d6zt\u00fcrk Acili Sigir Sosis"},"content":{"rendered":"<p>\u00d6zt\u00fcrk Acili Sigir Sosis 800g<\/p>\n","protected":false},"excerpt":{"rendered":"<p>800 g<br \/>Kilogramm = 9,49<\/p>\n","protected":false},"featured_media":7730029,"template":"","meta":{"_acf_changed":false},"product_brand":[],"product_cat":[401],"product_tag":[],"class_list":{"0":"post-7825784","1":"product","2":"type-product","3":"status-publish","4":"has-post-thumbnail","6":"product_cat-wurstwaren","8":"first","9":"outofstock","10":"shipping-taxable","11":"product-type-simple"},"acf":[],"_links":{"self":[{"href":"https:\/\/hepsi-markt.de\/tr\/wp-json\/wp\/v2\/product\/7825784","targetHints":{"allow":["GET"]}}],"collection":[{"href":"https:\/\/hepsi-markt.de\/tr\/wp-json\/wp\/v2\/product"}],"about":[{"href":"https:\/\/hepsi-markt.de\/tr\/wp-json\/wp\/v2\/types\/product"}],"wp:featuredmedia":[{"embeddable":true,"href":"https:\/\/hepsi-markt.de\/tr\/wp-json\/wp\/v2\/media\/7730029"}],"wp:attachment":[{"href":"https:\/\/hepsi-markt.de\/tr\/wp-json\/wp\/v2\/media?parent=7825784"}],"wp:term":[{"taxonomy":"product_brand","embeddable":true,"href":"https:\/\/hepsi-markt.de\/tr\/wp-json\/wp\/v2\/product_brand?post=7825784"},{"taxonomy":"product_cat","embeddable":true,"href":"https:\/\/hepsi-markt.de\/tr\/wp-json\/wp\/v2\/product_cat?post=7825784"},{"taxonomy":"product_tag","embeddable":true,"href":"https:\/\/hepsi-markt.de\/tr\/wp-json\/wp\/v2\/product_tag?post=7825784"}],"curies":[{"name":"wp","href":"https:\/\/api.w.org\/{rel}","templated":true}]}}