	{"id":7824608,"date":"2026-03-14T03:31:12","date_gmt":"2026-03-14T02:31:12","guid":{"rendered":"https:\/\/hepsi-markt.de\/produkt\/oeztuerk-ayran-becher\/"},"modified":"2026-04-04T03:11:19","modified_gmt":"2026-04-04T01:11:19","slug":"oeztuerk-ayran-becher","status":"publish","type":"product","link":"https:\/\/hepsi-markt.de\/tr\/produkt\/oeztuerk-ayran-becher\/","title":{"rendered":"\u00d6zt\u00fcrk Ayran Becher"},"content":{"rendered":"<p>\u00d6zt\u00fcrk Ayran Becher 250ml<\/p>\n","protected":false},"excerpt":{"rendered":"<p>250 ML<br \/>1000 Milliliter = 1,96<\/p>\n","protected":false},"featured_media":7729880,"template":"","meta":{"_acf_changed":false},"product_brand":[],"product_cat":[393],"product_tag":[],"class_list":{"0":"post-7824608","1":"product","2":"type-product","3":"status-publish","4":"has-post-thumbnail","6":"product_cat-kaese-eier-molkerei","8":"first","9":"outofstock","10":"shipping-taxable","11":"product-type-simple"},"acf":[],"_links":{"self":[{"href":"https:\/\/hepsi-markt.de\/tr\/wp-json\/wp\/v2\/product\/7824608","targetHints":{"allow":["GET"]}}],"collection":[{"href":"https:\/\/hepsi-markt.de\/tr\/wp-json\/wp\/v2\/product"}],"about":[{"href":"https:\/\/hepsi-markt.de\/tr\/wp-json\/wp\/v2\/types\/product"}],"wp:featuredmedia":[{"embeddable":true,"href":"https:\/\/hepsi-markt.de\/tr\/wp-json\/wp\/v2\/media\/7729880"}],"wp:attachment":[{"href":"https:\/\/hepsi-markt.de\/tr\/wp-json\/wp\/v2\/media?parent=7824608"}],"wp:term":[{"taxonomy":"product_brand","embeddable":true,"href":"https:\/\/hepsi-markt.de\/tr\/wp-json\/wp\/v2\/product_brand?post=7824608"},{"taxonomy":"product_cat","embeddable":true,"href":"https:\/\/hepsi-markt.de\/tr\/wp-json\/wp\/v2\/product_cat?post=7824608"},{"taxonomy":"product_tag","embeddable":true,"href":"https:\/\/hepsi-markt.de\/tr\/wp-json\/wp\/v2\/product_tag?post=7824608"}],"curies":[{"name":"wp","href":"https:\/\/api.w.org\/{rel}","templated":true}]}}