	{"id":7824607,"date":"2026-03-14T03:31:11","date_gmt":"2026-03-14T02:31:11","guid":{"rendered":"https:\/\/hepsi-markt.de\/produkt\/oeztuerk-ayran\/"},"modified":"2026-04-04T03:11:18","modified_gmt":"2026-04-04T01:11:18","slug":"oeztuerk-ayran","status":"publish","type":"product","link":"https:\/\/hepsi-markt.de\/tr\/produkt\/oeztuerk-ayran\/","title":{"rendered":"\u00d6zt\u00fcrk Ayran"},"content":{"rendered":"<p>\u00d6zt\u00fcrk Ayran 1lt.<\/p>\n","protected":false},"excerpt":{"rendered":"<p>1 L<br \/>Liter = 1,49<\/p>\n","protected":false},"featured_media":7729867,"template":"","meta":{"_acf_changed":false},"product_brand":[],"product_cat":[393],"product_tag":[],"class_list":{"0":"post-7824607","1":"product","2":"type-product","3":"status-publish","4":"has-post-thumbnail","6":"product_cat-kaese-eier-molkerei","8":"first","9":"outofstock","10":"shipping-taxable","11":"product-type-simple"},"acf":[],"_links":{"self":[{"href":"https:\/\/hepsi-markt.de\/tr\/wp-json\/wp\/v2\/product\/7824607","targetHints":{"allow":["GET"]}}],"collection":[{"href":"https:\/\/hepsi-markt.de\/tr\/wp-json\/wp\/v2\/product"}],"about":[{"href":"https:\/\/hepsi-markt.de\/tr\/wp-json\/wp\/v2\/types\/product"}],"wp:featuredmedia":[{"embeddable":true,"href":"https:\/\/hepsi-markt.de\/tr\/wp-json\/wp\/v2\/media\/7729867"}],"wp:attachment":[{"href":"https:\/\/hepsi-markt.de\/tr\/wp-json\/wp\/v2\/media?parent=7824607"}],"wp:term":[{"taxonomy":"product_brand","embeddable":true,"href":"https:\/\/hepsi-markt.de\/tr\/wp-json\/wp\/v2\/product_brand?post=7824607"},{"taxonomy":"product_cat","embeddable":true,"href":"https:\/\/hepsi-markt.de\/tr\/wp-json\/wp\/v2\/product_cat?post=7824607"},{"taxonomy":"product_tag","embeddable":true,"href":"https:\/\/hepsi-markt.de\/tr\/wp-json\/wp\/v2\/product_tag?post=7824607"}],"curies":[{"name":"wp","href":"https:\/\/api.w.org\/{rel}","templated":true}]}}