	{"id":7823897,"date":"2026-03-06T03:24:14","date_gmt":"2026-03-06T02:24:14","guid":{"rendered":"https:\/\/hepsi-markt.de\/produkt\/oezmirac-cigkoefte-koefte-az-acili-324g\/"},"modified":"2026-04-04T03:41:17","modified_gmt":"2026-04-04T01:41:17","slug":"oezmirac-cigkoefte-koefte-az-acili-324g","status":"publish","type":"product","link":"https:\/\/hepsi-markt.de\/tr\/produkt\/oezmirac-cigkoefte-koefte-az-acili-324g\/","title":{"rendered":"\u00d6zmirac Cigk\u00f6fte K\u00f6fte Az Acili 324g"},"content":{"rendered":"","protected":false},"excerpt":{"rendered":"<p>324g<br \/>1000 Gramm = 6,14<\/p>\n","protected":false},"featured_media":7778897,"template":"","meta":{"_acf_changed":false},"product_brand":[],"product_cat":[407],"product_tag":[],"class_list":{"0":"post-7823897","1":"product","2":"type-product","3":"status-publish","4":"has-post-thumbnail","6":"product_cat-neuheiten","8":"first","9":"outofstock","10":"shipping-taxable","11":"product-type-simple"},"acf":[],"_links":{"self":[{"href":"https:\/\/hepsi-markt.de\/tr\/wp-json\/wp\/v2\/product\/7823897","targetHints":{"allow":["GET"]}}],"collection":[{"href":"https:\/\/hepsi-markt.de\/tr\/wp-json\/wp\/v2\/product"}],"about":[{"href":"https:\/\/hepsi-markt.de\/tr\/wp-json\/wp\/v2\/types\/product"}],"wp:featuredmedia":[{"embeddable":true,"href":"https:\/\/hepsi-markt.de\/tr\/wp-json\/wp\/v2\/media\/7778897"}],"wp:attachment":[{"href":"https:\/\/hepsi-markt.de\/tr\/wp-json\/wp\/v2\/media?parent=7823897"}],"wp:term":[{"taxonomy":"product_brand","embeddable":true,"href":"https:\/\/hepsi-markt.de\/tr\/wp-json\/wp\/v2\/product_brand?post=7823897"},{"taxonomy":"product_cat","embeddable":true,"href":"https:\/\/hepsi-markt.de\/tr\/wp-json\/wp\/v2\/product_cat?post=7823897"},{"taxonomy":"product_tag","embeddable":true,"href":"https:\/\/hepsi-markt.de\/tr\/wp-json\/wp\/v2\/product_tag?post=7823897"}],"curies":[{"name":"wp","href":"https:\/\/api.w.org\/{rel}","templated":true}]}}