	{"id":7823845,"date":"2026-03-05T02:51:09","date_gmt":"2026-03-05T01:51:09","guid":{"rendered":"https:\/\/hepsi-markt.de\/produkt\/oeztuerk-joghurt-35-2\/"},"modified":"2026-04-03T02:36:58","modified_gmt":"2026-04-03T00:36:58","slug":"oeztuerk-joghurt-35-2","status":"publish","type":"product","link":"https:\/\/hepsi-markt.de\/tr\/produkt\/oeztuerk-joghurt-35-2\/","title":{"rendered":"\u00d6zt\u00fcrk Joghurt 3,5%"},"content":{"rendered":"<p>\u00d6zt\u00fcrk Joghurt 3,5% 1kg n. Aktiv<\/p>\n","protected":false},"excerpt":{"rendered":"<p>3,5Kg<br \/>Kilogramm = 1,49<\/p>\n","protected":false},"featured_media":7810277,"template":"","meta":{"_acf_changed":false},"product_brand":[],"product_cat":[393],"product_tag":[],"class_list":{"0":"post-7823845","1":"product","2":"type-product","3":"status-publish","4":"has-post-thumbnail","6":"product_cat-kaese-eier-molkerei","8":"first","9":"outofstock","10":"shipping-taxable","11":"product-type-simple"},"acf":[],"_links":{"self":[{"href":"https:\/\/hepsi-markt.de\/tr\/wp-json\/wp\/v2\/product\/7823845","targetHints":{"allow":["GET"]}}],"collection":[{"href":"https:\/\/hepsi-markt.de\/tr\/wp-json\/wp\/v2\/product"}],"about":[{"href":"https:\/\/hepsi-markt.de\/tr\/wp-json\/wp\/v2\/types\/product"}],"wp:featuredmedia":[{"embeddable":true,"href":"https:\/\/hepsi-markt.de\/tr\/wp-json\/wp\/v2\/media\/7810277"}],"wp:attachment":[{"href":"https:\/\/hepsi-markt.de\/tr\/wp-json\/wp\/v2\/media?parent=7823845"}],"wp:term":[{"taxonomy":"product_brand","embeddable":true,"href":"https:\/\/hepsi-markt.de\/tr\/wp-json\/wp\/v2\/product_brand?post=7823845"},{"taxonomy":"product_cat","embeddable":true,"href":"https:\/\/hepsi-markt.de\/tr\/wp-json\/wp\/v2\/product_cat?post=7823845"},{"taxonomy":"product_tag","embeddable":true,"href":"https:\/\/hepsi-markt.de\/tr\/wp-json\/wp\/v2\/product_tag?post=7823845"}],"curies":[{"name":"wp","href":"https:\/\/api.w.org\/{rel}","templated":true}]}}