	{"id":7823323,"date":"2026-03-02T02:49:53","date_gmt":"2026-03-02T01:49:53","guid":{"rendered":"https:\/\/hepsi-markt.de\/produkt\/haehnchen-leber-helal-qualitaet\/"},"modified":"2026-04-04T03:33:25","modified_gmt":"2026-04-04T01:33:25","slug":"haehnchen-leber-helal-qualitaet","status":"publish","type":"product","link":"https:\/\/hepsi-markt.de\/tr\/produkt\/haehnchen-leber-helal-qualitaet\/","title":{"rendered":"H\u00e4hnchen Leber Helal Qualit\u00e4t"},"content":{"rendered":"<p>H\u00e4hnchen Leber<\/p>\n","protected":false},"excerpt":{"rendered":"<p>KG<br \/>Kilogramm = 2,99<\/p>\n","protected":false},"featured_media":7765114,"template":"","meta":{"_acf_changed":false},"product_brand":[],"product_cat":[399],"product_tag":[],"class_list":{"0":"post-7823323","1":"product","2":"type-product","3":"status-publish","4":"has-post-thumbnail","6":"product_cat-frischetheke","8":"first","9":"instock","10":"shipping-taxable","11":"product-type-simple"},"acf":[],"_links":{"self":[{"href":"https:\/\/hepsi-markt.de\/tr\/wp-json\/wp\/v2\/product\/7823323","targetHints":{"allow":["GET"]}}],"collection":[{"href":"https:\/\/hepsi-markt.de\/tr\/wp-json\/wp\/v2\/product"}],"about":[{"href":"https:\/\/hepsi-markt.de\/tr\/wp-json\/wp\/v2\/types\/product"}],"wp:featuredmedia":[{"embeddable":true,"href":"https:\/\/hepsi-markt.de\/tr\/wp-json\/wp\/v2\/media\/7765114"}],"wp:attachment":[{"href":"https:\/\/hepsi-markt.de\/tr\/wp-json\/wp\/v2\/media?parent=7823323"}],"wp:term":[{"taxonomy":"product_brand","embeddable":true,"href":"https:\/\/hepsi-markt.de\/tr\/wp-json\/wp\/v2\/product_brand?post=7823323"},{"taxonomy":"product_cat","embeddable":true,"href":"https:\/\/hepsi-markt.de\/tr\/wp-json\/wp\/v2\/product_cat?post=7823323"},{"taxonomy":"product_tag","embeddable":true,"href":"https:\/\/hepsi-markt.de\/tr\/wp-json\/wp\/v2\/product_tag?post=7823323"}],"curies":[{"name":"wp","href":"https:\/\/api.w.org\/{rel}","templated":true}]}}