	{"id":7822957,"date":"2026-02-28T02:52:20","date_gmt":"2026-02-28T01:52:20","guid":{"rendered":"https:\/\/hepsi-markt.de\/produkt\/milay-uecgen-yufka-300g\/"},"modified":"2026-04-04T03:37:29","modified_gmt":"2026-04-04T01:37:29","slug":"milay-uecgen-yufka-300g","status":"publish","type":"product","link":"https:\/\/hepsi-markt.de\/tr\/produkt\/milay-uecgen-yufka-300g\/","title":{"rendered":"Milay \u00dc\u00e7gen yufka 300g"},"content":{"rendered":"<p>Milay \u00dc\u00e7gen yufka 300g<\/p>\n","protected":false},"excerpt":{"rendered":"<p>300g<br \/>1000 Gramm = 5,63<\/p>\n","protected":false},"featured_media":7772903,"template":"","meta":{"_acf_changed":false},"product_brand":[],"product_cat":[395],"product_tag":[],"class_list":{"0":"post-7822957","1":"product","2":"type-product","3":"status-publish","4":"has-post-thumbnail","6":"product_cat-kochen-backen","8":"first","9":"outofstock","10":"shipping-taxable","11":"product-type-simple"},"acf":[],"_links":{"self":[{"href":"https:\/\/hepsi-markt.de\/tr\/wp-json\/wp\/v2\/product\/7822957","targetHints":{"allow":["GET"]}}],"collection":[{"href":"https:\/\/hepsi-markt.de\/tr\/wp-json\/wp\/v2\/product"}],"about":[{"href":"https:\/\/hepsi-markt.de\/tr\/wp-json\/wp\/v2\/types\/product"}],"wp:featuredmedia":[{"embeddable":true,"href":"https:\/\/hepsi-markt.de\/tr\/wp-json\/wp\/v2\/media\/7772903"}],"wp:attachment":[{"href":"https:\/\/hepsi-markt.de\/tr\/wp-json\/wp\/v2\/media?parent=7822957"}],"wp:term":[{"taxonomy":"product_brand","embeddable":true,"href":"https:\/\/hepsi-markt.de\/tr\/wp-json\/wp\/v2\/product_brand?post=7822957"},{"taxonomy":"product_cat","embeddable":true,"href":"https:\/\/hepsi-markt.de\/tr\/wp-json\/wp\/v2\/product_cat?post=7822957"},{"taxonomy":"product_tag","embeddable":true,"href":"https:\/\/hepsi-markt.de\/tr\/wp-json\/wp\/v2\/product_tag?post=7822957"}],"curies":[{"name":"wp","href":"https:\/\/api.w.org\/{rel}","templated":true}]}}