	{"id":7822943,"date":"2026-02-28T02:51:59","date_gmt":"2026-02-28T01:51:59","guid":{"rendered":"https:\/\/hepsi-markt.de\/produkt\/oez-gurbet-gefluegelfleischwurst-scharf-400g\/"},"modified":"2026-04-04T03:18:33","modified_gmt":"2026-04-04T01:18:33","slug":"oez-gurbet-gefluegelfleischwurst-scharf-400g","status":"publish","type":"product","link":"https:\/\/hepsi-markt.de\/tr\/produkt\/oez-gurbet-gefluegelfleischwurst-scharf-400g\/","title":{"rendered":"\u00d6z Gurbet Gefl\u00fcgelfleischwurst  Scharf 400g"},"content":{"rendered":"<p>\u00d6z Gurbet Gefl\u00fcgelfleischwurst  Scharf 400g<\/p>\n","protected":false},"excerpt":{"rendered":"<p>400 G<br \/>1000 Gramm = 3,73<\/p>\n","protected":false},"featured_media":7736868,"template":"","meta":{"_acf_changed":false},"product_brand":[],"product_cat":[393],"product_tag":[],"class_list":{"0":"post-7822943","1":"product","2":"type-product","3":"status-publish","4":"has-post-thumbnail","6":"product_cat-kaese-eier-molkerei","8":"first","9":"outofstock","10":"shipping-taxable","11":"product-type-simple"},"acf":[],"_links":{"self":[{"href":"https:\/\/hepsi-markt.de\/tr\/wp-json\/wp\/v2\/product\/7822943","targetHints":{"allow":["GET"]}}],"collection":[{"href":"https:\/\/hepsi-markt.de\/tr\/wp-json\/wp\/v2\/product"}],"about":[{"href":"https:\/\/hepsi-markt.de\/tr\/wp-json\/wp\/v2\/types\/product"}],"wp:featuredmedia":[{"embeddable":true,"href":"https:\/\/hepsi-markt.de\/tr\/wp-json\/wp\/v2\/media\/7736868"}],"wp:attachment":[{"href":"https:\/\/hepsi-markt.de\/tr\/wp-json\/wp\/v2\/media?parent=7822943"}],"wp:term":[{"taxonomy":"product_brand","embeddable":true,"href":"https:\/\/hepsi-markt.de\/tr\/wp-json\/wp\/v2\/product_brand?post=7822943"},{"taxonomy":"product_cat","embeddable":true,"href":"https:\/\/hepsi-markt.de\/tr\/wp-json\/wp\/v2\/product_cat?post=7822943"},{"taxonomy":"product_tag","embeddable":true,"href":"https:\/\/hepsi-markt.de\/tr\/wp-json\/wp\/v2\/product_tag?post=7822943"}],"curies":[{"name":"wp","href":"https:\/\/api.w.org\/{rel}","templated":true}]}}