	{"id":7822904,"date":"2026-02-27T03:53:14","date_gmt":"2026-02-27T02:53:14","guid":{"rendered":"https:\/\/hepsi-markt.de\/produkt\/oeztuerk-suezme-joghurt-10-fett\/"},"modified":"2026-04-04T02:17:51","modified_gmt":"2026-04-04T00:17:51","slug":"oeztuerk-suezme-joghurt-10-fett","status":"publish","type":"product","link":"https:\/\/hepsi-markt.de\/tr\/produkt\/oeztuerk-suezme-joghurt-10-fett\/","title":{"rendered":"\u00d6zt\u00fcrk S\u00fczme Joghurt 10% Fett"},"content":{"rendered":"<p>\u00d6zt\u00fcrk S\u00fczme Joghurt  2,5 Kg 10% Fett<\/p>\n","protected":false},"excerpt":{"rendered":"<p>2000 G<br \/>1000 Gramm = 2,5<\/p>\n","protected":false},"featured_media":7729825,"template":"","meta":{"_acf_changed":false},"product_brand":[],"product_cat":[401],"product_tag":[],"class_list":{"0":"post-7822904","1":"product","2":"type-product","3":"status-publish","4":"has-post-thumbnail","6":"product_cat-wurstwaren","8":"first","9":"outofstock","10":"shipping-taxable","11":"product-type-simple"},"acf":[],"_links":{"self":[{"href":"https:\/\/hepsi-markt.de\/tr\/wp-json\/wp\/v2\/product\/7822904","targetHints":{"allow":["GET"]}}],"collection":[{"href":"https:\/\/hepsi-markt.de\/tr\/wp-json\/wp\/v2\/product"}],"about":[{"href":"https:\/\/hepsi-markt.de\/tr\/wp-json\/wp\/v2\/types\/product"}],"wp:featuredmedia":[{"embeddable":true,"href":"https:\/\/hepsi-markt.de\/tr\/wp-json\/wp\/v2\/media\/7729825"}],"wp:attachment":[{"href":"https:\/\/hepsi-markt.de\/tr\/wp-json\/wp\/v2\/media?parent=7822904"}],"wp:term":[{"taxonomy":"product_brand","embeddable":true,"href":"https:\/\/hepsi-markt.de\/tr\/wp-json\/wp\/v2\/product_brand?post=7822904"},{"taxonomy":"product_cat","embeddable":true,"href":"https:\/\/hepsi-markt.de\/tr\/wp-json\/wp\/v2\/product_cat?post=7822904"},{"taxonomy":"product_tag","embeddable":true,"href":"https:\/\/hepsi-markt.de\/tr\/wp-json\/wp\/v2\/product_tag?post=7822904"}],"curies":[{"name":"wp","href":"https:\/\/api.w.org\/{rel}","templated":true}]}}