	{"id":7822728,"date":"2026-02-23T02:49:55","date_gmt":"2026-02-23T01:49:55","guid":{"rendered":"https:\/\/hepsi-markt.de\/produkt\/firat-10x-dueruem-tortilla-900g-30cm\/"},"modified":"2026-04-09T02:35:56","modified_gmt":"2026-04-09T00:35:56","slug":"firat-10x-dueruem-tortilla-900g-30cm","status":"publish","type":"product","link":"https:\/\/hepsi-markt.de\/tr\/produkt\/firat-10x-dueruem-tortilla-900g-30cm\/","title":{"rendered":"Firat 10x D\u00fcr\u00fcm Tortilla 900g 30cm"},"content":{"rendered":"<p>Firat 10x D\u00fcr\u00fcm Tortilla 900g 30cm <\/p>\n","protected":false},"excerpt":{"rendered":"<p>900 G<br \/>1000 Gramm = 2,54<\/p>\n","protected":false},"featured_media":7765103,"template":"","meta":{"_acf_changed":false},"product_brand":[],"product_cat":[394],"product_tag":[],"class_list":{"0":"post-7822728","1":"product","2":"type-product","3":"status-publish","4":"has-post-thumbnail","6":"product_cat-backwaren-aufstriche-cerealien","8":"first","9":"outofstock","10":"shipping-taxable","11":"product-type-simple"},"acf":[],"_links":{"self":[{"href":"https:\/\/hepsi-markt.de\/tr\/wp-json\/wp\/v2\/product\/7822728","targetHints":{"allow":["GET"]}}],"collection":[{"href":"https:\/\/hepsi-markt.de\/tr\/wp-json\/wp\/v2\/product"}],"about":[{"href":"https:\/\/hepsi-markt.de\/tr\/wp-json\/wp\/v2\/types\/product"}],"wp:featuredmedia":[{"embeddable":true,"href":"https:\/\/hepsi-markt.de\/tr\/wp-json\/wp\/v2\/media\/7765103"}],"wp:attachment":[{"href":"https:\/\/hepsi-markt.de\/tr\/wp-json\/wp\/v2\/media?parent=7822728"}],"wp:term":[{"taxonomy":"product_brand","embeddable":true,"href":"https:\/\/hepsi-markt.de\/tr\/wp-json\/wp\/v2\/product_brand?post=7822728"},{"taxonomy":"product_cat","embeddable":true,"href":"https:\/\/hepsi-markt.de\/tr\/wp-json\/wp\/v2\/product_cat?post=7822728"},{"taxonomy":"product_tag","embeddable":true,"href":"https:\/\/hepsi-markt.de\/tr\/wp-json\/wp\/v2\/product_tag?post=7822728"}],"curies":[{"name":"wp","href":"https:\/\/api.w.org\/{rel}","templated":true}]}}