	{"id":7822246,"date":"2026-02-21T02:49:17","date_gmt":"2026-02-21T01:49:17","guid":{"rendered":"https:\/\/hepsi-markt.de\/produkt\/oeztuerk-gouda-kaese\/"},"modified":"2026-04-04T02:44:28","modified_gmt":"2026-04-04T00:44:28","slug":"oeztuerk-gouda-kaese","status":"publish","type":"product","link":"https:\/\/hepsi-markt.de\/tr\/produkt\/oeztuerk-gouda-kaese\/","title":{"rendered":"\u00d6zt\u00fcrk Gouda K\u00e4se"},"content":{"rendered":"<p>\u00d6zt\u00fcrk Gouda K\u00e4se 700g<\/p>\n","protected":false},"excerpt":{"rendered":"<p>700 G<br \/>1000 Gramm = 6,41<\/p>\n","protected":false},"featured_media":7730085,"template":"","meta":{"_acf_changed":false},"product_brand":[],"product_cat":[393],"product_tag":[],"class_list":{"0":"post-7822246","1":"product","2":"type-product","3":"status-publish","4":"has-post-thumbnail","6":"product_cat-kaese-eier-molkerei","8":"first","9":"outofstock","10":"shipping-taxable","11":"product-type-simple"},"acf":[],"_links":{"self":[{"href":"https:\/\/hepsi-markt.de\/tr\/wp-json\/wp\/v2\/product\/7822246","targetHints":{"allow":["GET"]}}],"collection":[{"href":"https:\/\/hepsi-markt.de\/tr\/wp-json\/wp\/v2\/product"}],"about":[{"href":"https:\/\/hepsi-markt.de\/tr\/wp-json\/wp\/v2\/types\/product"}],"wp:featuredmedia":[{"embeddable":true,"href":"https:\/\/hepsi-markt.de\/tr\/wp-json\/wp\/v2\/media\/7730085"}],"wp:attachment":[{"href":"https:\/\/hepsi-markt.de\/tr\/wp-json\/wp\/v2\/media?parent=7822246"}],"wp:term":[{"taxonomy":"product_brand","embeddable":true,"href":"https:\/\/hepsi-markt.de\/tr\/wp-json\/wp\/v2\/product_brand?post=7822246"},{"taxonomy":"product_cat","embeddable":true,"href":"https:\/\/hepsi-markt.de\/tr\/wp-json\/wp\/v2\/product_cat?post=7822246"},{"taxonomy":"product_tag","embeddable":true,"href":"https:\/\/hepsi-markt.de\/tr\/wp-json\/wp\/v2\/product_tag?post=7822246"}],"curies":[{"name":"wp","href":"https:\/\/api.w.org\/{rel}","templated":true}]}}