	{"id":7820340,"date":"2026-02-06T02:46:49","date_gmt":"2026-02-06T01:46:49","guid":{"rendered":"https:\/\/hepsi-markt.de\/produkt\/oezyoerem-tavuk-ciger-ezmesi\/"},"modified":"2026-04-03T02:22:23","modified_gmt":"2026-04-03T00:22:23","slug":"oezyoerem-tavuk-ciger-ezmesi","status":"publish","type":"product","link":"https:\/\/hepsi-markt.de\/tr\/produkt\/oezyoerem-tavuk-ciger-ezmesi\/","title":{"rendered":"\u00d6zy\u00f6rem Tavuk Ciger Ezmesi"},"content":{"rendered":"<p>\u00d6zy\u00f6rem Tavuk Ciger Ezmesi 200g<\/p>\n","protected":false},"excerpt":{"rendered":"<p>150 G<br \/>1000 Gramm = 9,93<\/p>\n","protected":false},"featured_media":7820428,"template":"","meta":{"_acf_changed":false},"product_brand":[],"product_cat":[401],"product_tag":[],"class_list":{"0":"post-7820340","1":"product","2":"type-product","3":"status-publish","4":"has-post-thumbnail","6":"product_cat-wurstwaren","8":"first","9":"outofstock","10":"shipping-taxable","11":"product-type-simple"},"acf":[],"_links":{"self":[{"href":"https:\/\/hepsi-markt.de\/tr\/wp-json\/wp\/v2\/product\/7820340","targetHints":{"allow":["GET"]}}],"collection":[{"href":"https:\/\/hepsi-markt.de\/tr\/wp-json\/wp\/v2\/product"}],"about":[{"href":"https:\/\/hepsi-markt.de\/tr\/wp-json\/wp\/v2\/types\/product"}],"wp:featuredmedia":[{"embeddable":true,"href":"https:\/\/hepsi-markt.de\/tr\/wp-json\/wp\/v2\/media\/7820428"}],"wp:attachment":[{"href":"https:\/\/hepsi-markt.de\/tr\/wp-json\/wp\/v2\/media?parent=7820340"}],"wp:term":[{"taxonomy":"product_brand","embeddable":true,"href":"https:\/\/hepsi-markt.de\/tr\/wp-json\/wp\/v2\/product_brand?post=7820340"},{"taxonomy":"product_cat","embeddable":true,"href":"https:\/\/hepsi-markt.de\/tr\/wp-json\/wp\/v2\/product_cat?post=7820340"},{"taxonomy":"product_tag","embeddable":true,"href":"https:\/\/hepsi-markt.de\/tr\/wp-json\/wp\/v2\/product_tag?post=7820340"}],"curies":[{"name":"wp","href":"https:\/\/api.w.org\/{rel}","templated":true}]}}