	{"id":7820297,"date":"2026-02-05T02:47:36","date_gmt":"2026-02-05T01:47:36","guid":{"rendered":"https:\/\/hepsi-markt.de\/produkt\/oeztuerk-izgaralik-sosis-2\/"},"modified":"2026-04-04T02:44:22","modified_gmt":"2026-04-04T00:44:22","slug":"oeztuerk-izgaralik-sosis-2","status":"publish","type":"product","link":"https:\/\/hepsi-markt.de\/tr\/produkt\/oeztuerk-izgaralik-sosis-2\/","title":{"rendered":"\u00d6zt\u00fcrk Izgaralik Sosis"},"content":{"rendered":"<p>\u00d6zt\u00fcrk Izgaralik Sosis 700g<\/p>\n","protected":false},"excerpt":{"rendered":"<p>700 G<br \/>1000 Gramm = 6,41<\/p>\n","protected":false},"featured_media":7729994,"template":"","meta":{"_acf_changed":false},"product_brand":[],"product_cat":[401],"product_tag":[],"class_list":{"0":"post-7820297","1":"product","2":"type-product","3":"status-publish","4":"has-post-thumbnail","6":"product_cat-wurstwaren","8":"first","9":"outofstock","10":"shipping-taxable","11":"product-type-simple"},"acf":[],"_links":{"self":[{"href":"https:\/\/hepsi-markt.de\/tr\/wp-json\/wp\/v2\/product\/7820297","targetHints":{"allow":["GET"]}}],"collection":[{"href":"https:\/\/hepsi-markt.de\/tr\/wp-json\/wp\/v2\/product"}],"about":[{"href":"https:\/\/hepsi-markt.de\/tr\/wp-json\/wp\/v2\/types\/product"}],"wp:featuredmedia":[{"embeddable":true,"href":"https:\/\/hepsi-markt.de\/tr\/wp-json\/wp\/v2\/media\/7729994"}],"wp:attachment":[{"href":"https:\/\/hepsi-markt.de\/tr\/wp-json\/wp\/v2\/media?parent=7820297"}],"wp:term":[{"taxonomy":"product_brand","embeddable":true,"href":"https:\/\/hepsi-markt.de\/tr\/wp-json\/wp\/v2\/product_brand?post=7820297"},{"taxonomy":"product_cat","embeddable":true,"href":"https:\/\/hepsi-markt.de\/tr\/wp-json\/wp\/v2\/product_cat?post=7820297"},{"taxonomy":"product_tag","embeddable":true,"href":"https:\/\/hepsi-markt.de\/tr\/wp-json\/wp\/v2\/product_tag?post=7820297"}],"curies":[{"name":"wp","href":"https:\/\/api.w.org\/{rel}","templated":true}]}}