	{"id":7819290,"date":"2026-01-26T03:36:48","date_gmt":"2026-01-26T02:36:48","guid":{"rendered":"https:\/\/hepsi-markt.de\/produkt\/haehnchen-brustfilet-helal-qualitaet\/"},"modified":"2026-04-04T03:21:06","modified_gmt":"2026-04-04T01:21:06","slug":"haehnchen-brustfilet-helal-qualitaet","status":"publish","type":"product","link":"https:\/\/hepsi-markt.de\/tr\/produkt\/haehnchen-brustfilet-helal-qualitaet\/","title":{"rendered":"H\u00e4hnchen Brustfilet Helal Qualit\u00e4t"},"content":{"rendered":"<p>H\u00e4hnchen Brustfilet<\/p>\n","protected":false},"excerpt":{"rendered":"<p>1 KG<br \/>Kilogramm = 5,99<\/p>\n","protected":false},"featured_media":7740115,"template":"","meta":{"_acf_changed":false},"product_brand":[],"product_cat":[399],"product_tag":[],"class_list":{"0":"post-7819290","1":"product","2":"type-product","3":"status-publish","4":"has-post-thumbnail","6":"product_cat-frischetheke","8":"first","9":"instock","10":"sale","11":"shipping-taxable","12":"product-type-simple"},"acf":[],"_links":{"self":[{"href":"https:\/\/hepsi-markt.de\/tr\/wp-json\/wp\/v2\/product\/7819290","targetHints":{"allow":["GET"]}}],"collection":[{"href":"https:\/\/hepsi-markt.de\/tr\/wp-json\/wp\/v2\/product"}],"about":[{"href":"https:\/\/hepsi-markt.de\/tr\/wp-json\/wp\/v2\/types\/product"}],"wp:featuredmedia":[{"embeddable":true,"href":"https:\/\/hepsi-markt.de\/tr\/wp-json\/wp\/v2\/media\/7740115"}],"wp:attachment":[{"href":"https:\/\/hepsi-markt.de\/tr\/wp-json\/wp\/v2\/media?parent=7819290"}],"wp:term":[{"taxonomy":"product_brand","embeddable":true,"href":"https:\/\/hepsi-markt.de\/tr\/wp-json\/wp\/v2\/product_brand?post=7819290"},{"taxonomy":"product_cat","embeddable":true,"href":"https:\/\/hepsi-markt.de\/tr\/wp-json\/wp\/v2\/product_cat?post=7819290"},{"taxonomy":"product_tag","embeddable":true,"href":"https:\/\/hepsi-markt.de\/tr\/wp-json\/wp\/v2\/product_tag?post=7819290"}],"curies":[{"name":"wp","href":"https:\/\/api.w.org\/{rel}","templated":true}]}}