	{"id":7817167,"date":"2026-01-07T02:43:32","date_gmt":"2026-01-07T01:43:32","guid":{"rendered":"https:\/\/hepsi-markt.de\/produkt\/goezde-frische-guenluek-pismis-koey-yufka\/"},"modified":"2026-04-04T03:33:48","modified_gmt":"2026-04-04T01:33:48","slug":"goezde-frische-guenluek-pismis-koey-yufka","status":"publish","type":"product","link":"https:\/\/hepsi-markt.de\/tr\/produkt\/goezde-frische-guenluek-pismis-koey-yufka\/","title":{"rendered":"G\u00f6zde Frische G\u00fcnl\u00fck Pismis K\u00f6y Yufka"},"content":{"rendered":"<p>G\u00f6zde Frische G\u00fcnl\u00fck Pismis K\u00f6y Yufka<\/p>\n","protected":false},"excerpt":{"rendered":"<p>4 St\u00fcck<br \/>St\u00fcck = 1,05<\/p>\n","protected":false},"featured_media":7765897,"template":"","meta":{"_acf_changed":false},"product_brand":[],"product_cat":[393],"product_tag":[],"class_list":{"0":"post-7817167","1":"product","2":"type-product","3":"status-publish","4":"has-post-thumbnail","6":"product_cat-kaese-eier-molkerei","8":"first","9":"instock","10":"shipping-taxable","11":"product-type-simple"},"acf":[],"_links":{"self":[{"href":"https:\/\/hepsi-markt.de\/tr\/wp-json\/wp\/v2\/product\/7817167","targetHints":{"allow":["GET"]}}],"collection":[{"href":"https:\/\/hepsi-markt.de\/tr\/wp-json\/wp\/v2\/product"}],"about":[{"href":"https:\/\/hepsi-markt.de\/tr\/wp-json\/wp\/v2\/types\/product"}],"wp:featuredmedia":[{"embeddable":true,"href":"https:\/\/hepsi-markt.de\/tr\/wp-json\/wp\/v2\/media\/7765897"}],"wp:attachment":[{"href":"https:\/\/hepsi-markt.de\/tr\/wp-json\/wp\/v2\/media?parent=7817167"}],"wp:term":[{"taxonomy":"product_brand","embeddable":true,"href":"https:\/\/hepsi-markt.de\/tr\/wp-json\/wp\/v2\/product_brand?post=7817167"},{"taxonomy":"product_cat","embeddable":true,"href":"https:\/\/hepsi-markt.de\/tr\/wp-json\/wp\/v2\/product_cat?post=7817167"},{"taxonomy":"product_tag","embeddable":true,"href":"https:\/\/hepsi-markt.de\/tr\/wp-json\/wp\/v2\/product_tag?post=7817167"}],"curies":[{"name":"wp","href":"https:\/\/api.w.org\/{rel}","templated":true}]}}