	{"id":7815937,"date":"2025-12-28T02:53:37","date_gmt":"2025-12-28T01:53:37","guid":{"rendered":"https:\/\/hepsi-markt.de\/produkt\/gruene-pepperoni-gefuellt-mit-kaese\/"},"modified":"2026-04-04T03:30:45","modified_gmt":"2026-04-04T01:30:45","slug":"gruene-pepperoni-gefuellt-mit-kaese","status":"publish","type":"product","link":"https:\/\/hepsi-markt.de\/tr\/produkt\/gruene-pepperoni-gefuellt-mit-kaese\/","title":{"rendered":"Gr\u00fcne Pepperoni gef\u00fcllt mit K\u00e4se"},"content":{"rendered":"<p>Gr\u00fcne Pepperoni mit K\u00e4se<\/p>\n","protected":false},"excerpt":{"rendered":"<p>100g-Preis<br \/>100 Gramm = 1,39<\/p>\n","protected":false},"featured_media":7816259,"template":"","meta":{"_acf_changed":false},"product_brand":[],"product_cat":[399],"product_tag":[],"class_list":{"0":"post-7815937","1":"product","2":"type-product","3":"status-publish","4":"has-post-thumbnail","6":"product_cat-frischetheke","8":"first","9":"outofstock","10":"shipping-taxable","11":"product-type-simple"},"acf":[],"_links":{"self":[{"href":"https:\/\/hepsi-markt.de\/tr\/wp-json\/wp\/v2\/product\/7815937","targetHints":{"allow":["GET"]}}],"collection":[{"href":"https:\/\/hepsi-markt.de\/tr\/wp-json\/wp\/v2\/product"}],"about":[{"href":"https:\/\/hepsi-markt.de\/tr\/wp-json\/wp\/v2\/types\/product"}],"wp:featuredmedia":[{"embeddable":true,"href":"https:\/\/hepsi-markt.de\/tr\/wp-json\/wp\/v2\/media\/7816259"}],"wp:attachment":[{"href":"https:\/\/hepsi-markt.de\/tr\/wp-json\/wp\/v2\/media?parent=7815937"}],"wp:term":[{"taxonomy":"product_brand","embeddable":true,"href":"https:\/\/hepsi-markt.de\/tr\/wp-json\/wp\/v2\/product_brand?post=7815937"},{"taxonomy":"product_cat","embeddable":true,"href":"https:\/\/hepsi-markt.de\/tr\/wp-json\/wp\/v2\/product_cat?post=7815937"},{"taxonomy":"product_tag","embeddable":true,"href":"https:\/\/hepsi-markt.de\/tr\/wp-json\/wp\/v2\/product_tag?post=7815937"}],"curies":[{"name":"wp","href":"https:\/\/api.w.org\/{rel}","templated":true}]}}