	{"id":7815913,"date":"2025-12-25T02:49:03","date_gmt":"2025-12-25T01:49:03","guid":{"rendered":"https:\/\/hepsi-markt.de\/produkt\/oeztuerk-acili-izgara-sigir-sosis\/"},"modified":"2026-04-04T03:11:31","modified_gmt":"2026-04-04T01:11:31","slug":"oeztuerk-acili-izgara-sigir-sosis","status":"publish","type":"product","link":"https:\/\/hepsi-markt.de\/tr\/produkt\/oeztuerk-acili-izgara-sigir-sosis\/","title":{"rendered":"\u00d6zt\u00fcrk Acili Izgara Sigir Sosis"},"content":{"rendered":"<p>\u00d6zt\u00fcrk Acili Izgara Sigir Sosis 400 g<\/p>\n","protected":false},"excerpt":{"rendered":"<p>400 G<br \/>1000 Gramm = 9,98<\/p>\n","protected":false},"featured_media":7730049,"template":"","meta":{"_acf_changed":false},"product_brand":[],"product_cat":[401],"product_tag":[],"class_list":{"0":"post-7815913","1":"product","2":"type-product","3":"status-publish","4":"has-post-thumbnail","6":"product_cat-wurstwaren","8":"first","9":"outofstock","10":"shipping-taxable","11":"product-type-simple"},"acf":[],"_links":{"self":[{"href":"https:\/\/hepsi-markt.de\/tr\/wp-json\/wp\/v2\/product\/7815913","targetHints":{"allow":["GET"]}}],"collection":[{"href":"https:\/\/hepsi-markt.de\/tr\/wp-json\/wp\/v2\/product"}],"about":[{"href":"https:\/\/hepsi-markt.de\/tr\/wp-json\/wp\/v2\/types\/product"}],"wp:featuredmedia":[{"embeddable":true,"href":"https:\/\/hepsi-markt.de\/tr\/wp-json\/wp\/v2\/media\/7730049"}],"wp:attachment":[{"href":"https:\/\/hepsi-markt.de\/tr\/wp-json\/wp\/v2\/media?parent=7815913"}],"wp:term":[{"taxonomy":"product_brand","embeddable":true,"href":"https:\/\/hepsi-markt.de\/tr\/wp-json\/wp\/v2\/product_brand?post=7815913"},{"taxonomy":"product_cat","embeddable":true,"href":"https:\/\/hepsi-markt.de\/tr\/wp-json\/wp\/v2\/product_cat?post=7815913"},{"taxonomy":"product_tag","embeddable":true,"href":"https:\/\/hepsi-markt.de\/tr\/wp-json\/wp\/v2\/product_tag?post=7815913"}],"curies":[{"name":"wp","href":"https:\/\/api.w.org\/{rel}","templated":true}]}}