	{"id":7814560,"date":"2025-12-08T03:11:31","date_gmt":"2025-12-08T02:11:31","guid":{"rendered":"https:\/\/hepsi-markt.de\/produkt\/haehnchen-herz-helal-qualitaet\/"},"modified":"2026-04-04T03:33:27","modified_gmt":"2026-04-04T01:33:27","slug":"haehnchen-herz-helal-qualitaet","status":"publish","type":"product","link":"https:\/\/hepsi-markt.de\/tr\/produkt\/haehnchen-herz-helal-qualitaet\/","title":{"rendered":"H\u00e4hnchen Herz Helal Qualit\u00e4t"},"content":{"rendered":"<p>H\u00e4hnchen Herz<\/p>\n","protected":false},"excerpt":{"rendered":"<p>KG<br \/>Kilogramm = 2,99<\/p>\n","protected":false},"featured_media":7765137,"template":"","meta":{"_acf_changed":false},"product_brand":[],"product_cat":[399],"product_tag":[],"class_list":{"0":"post-7814560","1":"product","2":"type-product","3":"status-publish","4":"has-post-thumbnail","6":"product_cat-frischetheke","8":"first","9":"instock","10":"shipping-taxable","11":"product-type-simple"},"acf":[],"_links":{"self":[{"href":"https:\/\/hepsi-markt.de\/tr\/wp-json\/wp\/v2\/product\/7814560","targetHints":{"allow":["GET"]}}],"collection":[{"href":"https:\/\/hepsi-markt.de\/tr\/wp-json\/wp\/v2\/product"}],"about":[{"href":"https:\/\/hepsi-markt.de\/tr\/wp-json\/wp\/v2\/types\/product"}],"wp:featuredmedia":[{"embeddable":true,"href":"https:\/\/hepsi-markt.de\/tr\/wp-json\/wp\/v2\/media\/7765137"}],"wp:attachment":[{"href":"https:\/\/hepsi-markt.de\/tr\/wp-json\/wp\/v2\/media?parent=7814560"}],"wp:term":[{"taxonomy":"product_brand","embeddable":true,"href":"https:\/\/hepsi-markt.de\/tr\/wp-json\/wp\/v2\/product_brand?post=7814560"},{"taxonomy":"product_cat","embeddable":true,"href":"https:\/\/hepsi-markt.de\/tr\/wp-json\/wp\/v2\/product_cat?post=7814560"},{"taxonomy":"product_tag","embeddable":true,"href":"https:\/\/hepsi-markt.de\/tr\/wp-json\/wp\/v2\/product_tag?post=7814560"}],"curies":[{"name":"wp","href":"https:\/\/api.w.org\/{rel}","templated":true}]}}