	{"id":7813156,"date":"2025-11-20T11:17:21","date_gmt":"2025-11-20T10:17:21","guid":{"rendered":"https:\/\/hepsi-markt.de\/produkt\/muellsaecke-25-st-120l\/"},"modified":"2026-04-04T02:53:18","modified_gmt":"2026-04-04T00:53:18","slug":"muellsaecke-25-st-120l","status":"publish","type":"product","link":"https:\/\/hepsi-markt.de\/tr\/produkt\/muellsaecke-25-st-120l\/","title":{"rendered":"M\u00fclls\u00e4cke 25 St. 120l"},"content":{"rendered":"<p>M\u00fclls\u00e4cke 25 St. 120l <\/p>\n","protected":false},"excerpt":{"rendered":"<p>Stk<br \/>St\u00fcck = 0,35<\/p>\n","protected":false},"featured_media":7708862,"template":"","meta":{"_acf_changed":false},"product_brand":[],"product_cat":[392],"product_tag":[],"class_list":{"0":"post-7813156","1":"product","2":"type-product","3":"status-publish","4":"has-post-thumbnail","6":"product_cat-kueche-haushalt","8":"first","9":"outofstock","10":"shipping-taxable","11":"product-type-simple"},"acf":[],"_links":{"self":[{"href":"https:\/\/hepsi-markt.de\/tr\/wp-json\/wp\/v2\/product\/7813156","targetHints":{"allow":["GET"]}}],"collection":[{"href":"https:\/\/hepsi-markt.de\/tr\/wp-json\/wp\/v2\/product"}],"about":[{"href":"https:\/\/hepsi-markt.de\/tr\/wp-json\/wp\/v2\/types\/product"}],"wp:featuredmedia":[{"embeddable":true,"href":"https:\/\/hepsi-markt.de\/tr\/wp-json\/wp\/v2\/media\/7708862"}],"wp:attachment":[{"href":"https:\/\/hepsi-markt.de\/tr\/wp-json\/wp\/v2\/media?parent=7813156"}],"wp:term":[{"taxonomy":"product_brand","embeddable":true,"href":"https:\/\/hepsi-markt.de\/tr\/wp-json\/wp\/v2\/product_brand?post=7813156"},{"taxonomy":"product_cat","embeddable":true,"href":"https:\/\/hepsi-markt.de\/tr\/wp-json\/wp\/v2\/product_cat?post=7813156"},{"taxonomy":"product_tag","embeddable":true,"href":"https:\/\/hepsi-markt.de\/tr\/wp-json\/wp\/v2\/product_tag?post=7813156"}],"curies":[{"name":"wp","href":"https:\/\/api.w.org\/{rel}","templated":true}]}}