	{"id":7810699,"date":"2025-10-30T02:41:43","date_gmt":"2025-10-30T01:41:43","guid":{"rendered":"https:\/\/hepsi-markt.de\/produkt\/maun-tepsi-boerek-mit-kaese-800g\/"},"modified":"2026-04-04T03:35:09","modified_gmt":"2026-04-04T01:35:09","slug":"maun-tepsi-boerek-mit-kaese-800g","status":"publish","type":"product","link":"https:\/\/hepsi-markt.de\/tr\/produkt\/maun-tepsi-boerek-mit-kaese-800g\/","title":{"rendered":"Maun Tepsi B\u00f6rek mit K\u00e4se 800g"},"content":{"rendered":"<p>Maun Tepsi B\u00f6rek mit K\u00e4se 800g<\/p>\n","protected":false},"excerpt":{"rendered":"<p>800g<br \/>1000 Gramm = 6,24<\/p>\n","protected":false},"featured_media":7769353,"template":"","meta":{"_acf_changed":false},"product_brand":[],"product_cat":[398],"product_tag":[],"class_list":{"0":"post-7810699","1":"product","2":"type-product","3":"status-publish","4":"has-post-thumbnail","6":"product_cat-tiefkuehlwaren","8":"first","9":"instock","10":"shipping-taxable","11":"product-type-simple"},"acf":[],"_links":{"self":[{"href":"https:\/\/hepsi-markt.de\/tr\/wp-json\/wp\/v2\/product\/7810699","targetHints":{"allow":["GET"]}}],"collection":[{"href":"https:\/\/hepsi-markt.de\/tr\/wp-json\/wp\/v2\/product"}],"about":[{"href":"https:\/\/hepsi-markt.de\/tr\/wp-json\/wp\/v2\/types\/product"}],"wp:featuredmedia":[{"embeddable":true,"href":"https:\/\/hepsi-markt.de\/tr\/wp-json\/wp\/v2\/media\/7769353"}],"wp:attachment":[{"href":"https:\/\/hepsi-markt.de\/tr\/wp-json\/wp\/v2\/media?parent=7810699"}],"wp:term":[{"taxonomy":"product_brand","embeddable":true,"href":"https:\/\/hepsi-markt.de\/tr\/wp-json\/wp\/v2\/product_brand?post=7810699"},{"taxonomy":"product_cat","embeddable":true,"href":"https:\/\/hepsi-markt.de\/tr\/wp-json\/wp\/v2\/product_cat?post=7810699"},{"taxonomy":"product_tag","embeddable":true,"href":"https:\/\/hepsi-markt.de\/tr\/wp-json\/wp\/v2\/product_tag?post=7810699"}],"curies":[{"name":"wp","href":"https:\/\/api.w.org\/{rel}","templated":true}]}}