	{"id":7809812,"date":"2025-10-24T02:46:56","date_gmt":"2025-10-24T00:46:56","guid":{"rendered":"https:\/\/hepsi-markt.de\/produkt\/oeztuerk-sigir-salam-dilim\/"},"modified":"2026-04-04T03:11:03","modified_gmt":"2026-04-04T01:11:03","slug":"oeztuerk-sigir-salam-dilim","status":"publish","type":"product","link":"https:\/\/hepsi-markt.de\/tr\/produkt\/oeztuerk-sigir-salam-dilim\/","title":{"rendered":"\u00d6zt\u00fcrk Sigir Salam Dilim"},"content":{"rendered":"<p>\u00d6zt\u00fcrk Sigir Salam Dilim 200g<\/p>\n","protected":false},"excerpt":{"rendered":"<p>200 G<br \/>100 Gramm = 0,95<\/p>\n","protected":false},"featured_media":7729649,"template":"","meta":{"_acf_changed":false},"product_brand":[],"product_cat":[401],"product_tag":[],"class_list":{"0":"post-7809812","1":"product","2":"type-product","3":"status-publish","4":"has-post-thumbnail","6":"product_cat-wurstwaren","8":"first","9":"outofstock","10":"shipping-taxable","11":"product-type-simple"},"acf":[],"_links":{"self":[{"href":"https:\/\/hepsi-markt.de\/tr\/wp-json\/wp\/v2\/product\/7809812","targetHints":{"allow":["GET"]}}],"collection":[{"href":"https:\/\/hepsi-markt.de\/tr\/wp-json\/wp\/v2\/product"}],"about":[{"href":"https:\/\/hepsi-markt.de\/tr\/wp-json\/wp\/v2\/types\/product"}],"wp:featuredmedia":[{"embeddable":true,"href":"https:\/\/hepsi-markt.de\/tr\/wp-json\/wp\/v2\/media\/7729649"}],"wp:attachment":[{"href":"https:\/\/hepsi-markt.de\/tr\/wp-json\/wp\/v2\/media?parent=7809812"}],"wp:term":[{"taxonomy":"product_brand","embeddable":true,"href":"https:\/\/hepsi-markt.de\/tr\/wp-json\/wp\/v2\/product_brand?post=7809812"},{"taxonomy":"product_cat","embeddable":true,"href":"https:\/\/hepsi-markt.de\/tr\/wp-json\/wp\/v2\/product_cat?post=7809812"},{"taxonomy":"product_tag","embeddable":true,"href":"https:\/\/hepsi-markt.de\/tr\/wp-json\/wp\/v2\/product_tag?post=7809812"}],"curies":[{"name":"wp","href":"https:\/\/api.w.org\/{rel}","templated":true}]}}