	{"id":7807290,"date":"2025-09-30T05:04:13","date_gmt":"2025-09-30T03:04:13","guid":{"rendered":"https:\/\/hepsi-markt.de\/produkt\/oeztuerk-acili-hindi-salam\/"},"modified":"2026-04-04T03:10:56","modified_gmt":"2026-04-04T01:10:56","slug":"oeztuerk-acili-hindi-salam","status":"publish","type":"product","link":"https:\/\/hepsi-markt.de\/tr\/produkt\/oeztuerk-acili-hindi-salam\/","title":{"rendered":"\u00d6zt\u00fcrk Acili Hindi Salam"},"content":{"rendered":"<p>\u00d6zt\u00fcrk Acili Hindi Salam 80g<\/p>\n","protected":false},"excerpt":{"rendered":"<p>80 G<br \/>100 Gramm = 1,86<\/p>\n","protected":false},"featured_media":7729542,"template":"","meta":{"_acf_changed":false},"product_brand":[],"product_cat":[401],"product_tag":[],"class_list":{"0":"post-7807290","1":"product","2":"type-product","3":"status-publish","4":"has-post-thumbnail","6":"product_cat-wurstwaren","8":"first","9":"outofstock","10":"shipping-taxable","11":"product-type-simple"},"acf":[],"_links":{"self":[{"href":"https:\/\/hepsi-markt.de\/tr\/wp-json\/wp\/v2\/product\/7807290","targetHints":{"allow":["GET"]}}],"collection":[{"href":"https:\/\/hepsi-markt.de\/tr\/wp-json\/wp\/v2\/product"}],"about":[{"href":"https:\/\/hepsi-markt.de\/tr\/wp-json\/wp\/v2\/types\/product"}],"wp:featuredmedia":[{"embeddable":true,"href":"https:\/\/hepsi-markt.de\/tr\/wp-json\/wp\/v2\/media\/7729542"}],"wp:attachment":[{"href":"https:\/\/hepsi-markt.de\/tr\/wp-json\/wp\/v2\/media?parent=7807290"}],"wp:term":[{"taxonomy":"product_brand","embeddable":true,"href":"https:\/\/hepsi-markt.de\/tr\/wp-json\/wp\/v2\/product_brand?post=7807290"},{"taxonomy":"product_cat","embeddable":true,"href":"https:\/\/hepsi-markt.de\/tr\/wp-json\/wp\/v2\/product_cat?post=7807290"},{"taxonomy":"product_tag","embeddable":true,"href":"https:\/\/hepsi-markt.de\/tr\/wp-json\/wp\/v2\/product_tag?post=7807290"}],"curies":[{"name":"wp","href":"https:\/\/api.w.org\/{rel}","templated":true}]}}