	{"id":7804713,"date":"2025-09-12T04:47:24","date_gmt":"2025-09-12T02:47:24","guid":{"rendered":"https:\/\/hepsi-markt.de\/produkt\/oeztuerk-gouda\/"},"modified":"2026-04-04T03:11:35","modified_gmt":"2026-04-04T01:11:35","slug":"oeztuerk-gouda","status":"publish","type":"product","link":"https:\/\/hepsi-markt.de\/tr\/produkt\/oeztuerk-gouda\/","title":{"rendered":"\u00d6zt\u00fcrk Gouda"},"content":{"rendered":"<p>\u00d6zt\u00fcrk Gouda 200g<\/p>\n","protected":false},"excerpt":{"rendered":"<p>200 G<br \/>1000 Gramm = 8,95<\/p>\n","protected":false},"featured_media":7730101,"template":"","meta":{"_acf_changed":false},"product_brand":[],"product_cat":[393],"product_tag":[],"class_list":{"0":"post-7804713","1":"product","2":"type-product","3":"status-publish","4":"has-post-thumbnail","6":"product_cat-kaese-eier-molkerei","8":"first","9":"outofstock","10":"shipping-taxable","11":"product-type-simple"},"acf":[],"_links":{"self":[{"href":"https:\/\/hepsi-markt.de\/tr\/wp-json\/wp\/v2\/product\/7804713","targetHints":{"allow":["GET"]}}],"collection":[{"href":"https:\/\/hepsi-markt.de\/tr\/wp-json\/wp\/v2\/product"}],"about":[{"href":"https:\/\/hepsi-markt.de\/tr\/wp-json\/wp\/v2\/types\/product"}],"wp:featuredmedia":[{"embeddable":true,"href":"https:\/\/hepsi-markt.de\/tr\/wp-json\/wp\/v2\/media\/7730101"}],"wp:attachment":[{"href":"https:\/\/hepsi-markt.de\/tr\/wp-json\/wp\/v2\/media?parent=7804713"}],"wp:term":[{"taxonomy":"product_brand","embeddable":true,"href":"https:\/\/hepsi-markt.de\/tr\/wp-json\/wp\/v2\/product_brand?post=7804713"},{"taxonomy":"product_cat","embeddable":true,"href":"https:\/\/hepsi-markt.de\/tr\/wp-json\/wp\/v2\/product_cat?post=7804713"},{"taxonomy":"product_tag","embeddable":true,"href":"https:\/\/hepsi-markt.de\/tr\/wp-json\/wp\/v2\/product_tag?post=7804713"}],"curies":[{"name":"wp","href":"https:\/\/api.w.org\/{rel}","templated":true}]}}