	{"id":7799348,"date":"2025-07-19T03:09:46","date_gmt":"2025-07-19T01:09:46","guid":{"rendered":"https:\/\/hepsi-markt.de\/produkt\/kap-sari-uezuem-300g\/"},"modified":"2026-04-04T03:37:20","modified_gmt":"2026-04-04T01:37:20","slug":"kap-sari-uezuem-300g","status":"publish","type":"product","link":"https:\/\/hepsi-markt.de\/tr\/produkt\/kap-sari-uezuem-300g\/","title":{"rendered":"KAP Sari \u00dcz\u00fcm 300g"},"content":{"rendered":"<p>KAP Sari \u00dcz\u00fcm 300g<\/p>\n","protected":false},"excerpt":{"rendered":"<p>200g<br \/>1000 Gramm = 12,95<\/p>\n","protected":false},"featured_media":7772394,"template":"","meta":{"_acf_changed":false},"product_brand":[],"product_cat":[396],"product_tag":[],"class_list":{"0":"post-7799348","1":"product","2":"type-product","3":"status-publish","4":"has-post-thumbnail","6":"product_cat-snacks-suessigkeiten","8":"first","9":"instock","10":"shipping-taxable","11":"product-type-simple"},"acf":[],"_links":{"self":[{"href":"https:\/\/hepsi-markt.de\/tr\/wp-json\/wp\/v2\/product\/7799348","targetHints":{"allow":["GET"]}}],"collection":[{"href":"https:\/\/hepsi-markt.de\/tr\/wp-json\/wp\/v2\/product"}],"about":[{"href":"https:\/\/hepsi-markt.de\/tr\/wp-json\/wp\/v2\/types\/product"}],"wp:featuredmedia":[{"embeddable":true,"href":"https:\/\/hepsi-markt.de\/tr\/wp-json\/wp\/v2\/media\/7772394"}],"wp:attachment":[{"href":"https:\/\/hepsi-markt.de\/tr\/wp-json\/wp\/v2\/media?parent=7799348"}],"wp:term":[{"taxonomy":"product_brand","embeddable":true,"href":"https:\/\/hepsi-markt.de\/tr\/wp-json\/wp\/v2\/product_brand?post=7799348"},{"taxonomy":"product_cat","embeddable":true,"href":"https:\/\/hepsi-markt.de\/tr\/wp-json\/wp\/v2\/product_cat?post=7799348"},{"taxonomy":"product_tag","embeddable":true,"href":"https:\/\/hepsi-markt.de\/tr\/wp-json\/wp\/v2\/product_tag?post=7799348"}],"curies":[{"name":"wp","href":"https:\/\/api.w.org\/{rel}","templated":true}]}}