	{"id":7798373,"date":"2025-07-12T02:55:58","date_gmt":"2025-07-12T00:55:58","guid":{"rendered":"https:\/\/hepsi-markt.de\/produkt\/gg-eis-mp8-sandwich-fuerst-pueckler\/"},"modified":"2026-04-03T02:36:01","modified_gmt":"2026-04-03T00:36:01","slug":"gg-eis-mp8-sandwich-fuerst-pueckler","status":"publish","type":"product","link":"https:\/\/hepsi-markt.de\/tr\/produkt\/gg-eis-mp8-sandwich-fuerst-pueckler\/","title":{"rendered":"G&amp;G Eis MP8 Sandwich F\u00fcrst P\u00fcckler"},"content":{"rendered":"<p>G&amp;G Eis MP8 Sandwich F\u00fcrst P\u00fcckler 720ml<\/p>\n","protected":false},"excerpt":{"rendered":"<p>720ml<br \/>1000 Milliliter = 2,76<\/p>\n","protected":false},"featured_media":7751413,"template":"","meta":{"_acf_changed":false},"product_brand":[],"product_cat":[398],"product_tag":[],"class_list":{"0":"post-7798373","1":"product","2":"type-product","3":"status-publish","4":"has-post-thumbnail","6":"product_cat-tiefkuehlwaren","8":"first","9":"outofstock","10":"shipping-taxable","11":"product-type-simple"},"acf":[],"_links":{"self":[{"href":"https:\/\/hepsi-markt.de\/tr\/wp-json\/wp\/v2\/product\/7798373","targetHints":{"allow":["GET"]}}],"collection":[{"href":"https:\/\/hepsi-markt.de\/tr\/wp-json\/wp\/v2\/product"}],"about":[{"href":"https:\/\/hepsi-markt.de\/tr\/wp-json\/wp\/v2\/types\/product"}],"wp:featuredmedia":[{"embeddable":true,"href":"https:\/\/hepsi-markt.de\/tr\/wp-json\/wp\/v2\/media\/7751413"}],"wp:attachment":[{"href":"https:\/\/hepsi-markt.de\/tr\/wp-json\/wp\/v2\/media?parent=7798373"}],"wp:term":[{"taxonomy":"product_brand","embeddable":true,"href":"https:\/\/hepsi-markt.de\/tr\/wp-json\/wp\/v2\/product_brand?post=7798373"},{"taxonomy":"product_cat","embeddable":true,"href":"https:\/\/hepsi-markt.de\/tr\/wp-json\/wp\/v2\/product_cat?post=7798373"},{"taxonomy":"product_tag","embeddable":true,"href":"https:\/\/hepsi-markt.de\/tr\/wp-json\/wp\/v2\/product_tag?post=7798373"}],"curies":[{"name":"wp","href":"https:\/\/api.w.org\/{rel}","templated":true}]}}