	{"id":7796699,"date":"2025-06-28T03:28:01","date_gmt":"2025-06-28T01:28:01","guid":{"rendered":"https:\/\/hepsi-markt.de\/produkt\/guellue-karabugday-1kg\/"},"modified":"2026-04-04T03:35:45","modified_gmt":"2026-04-04T01:35:45","slug":"guellue-karabugday-1kg","status":"publish","type":"product","link":"https:\/\/hepsi-markt.de\/tr\/produkt\/guellue-karabugday-1kg\/","title":{"rendered":"G\u00fcll\u00fc Karabugday 1Kg"},"content":{"rendered":"<p>G\u00fcll\u00fc Karabugday 1Kg<\/p>\n","protected":false},"excerpt":{"rendered":"<p>1Kg<br \/>Kilogramm = 2,49<\/p>\n","protected":false},"featured_media":7770167,"template":"","meta":{"_acf_changed":false},"product_brand":[],"product_cat":[395],"product_tag":[],"class_list":{"0":"post-7796699","1":"product","2":"type-product","3":"status-publish","4":"has-post-thumbnail","6":"product_cat-kochen-backen","8":"first","9":"outofstock","10":"shipping-taxable","11":"product-type-simple"},"acf":[],"_links":{"self":[{"href":"https:\/\/hepsi-markt.de\/tr\/wp-json\/wp\/v2\/product\/7796699","targetHints":{"allow":["GET"]}}],"collection":[{"href":"https:\/\/hepsi-markt.de\/tr\/wp-json\/wp\/v2\/product"}],"about":[{"href":"https:\/\/hepsi-markt.de\/tr\/wp-json\/wp\/v2\/types\/product"}],"wp:featuredmedia":[{"embeddable":true,"href":"https:\/\/hepsi-markt.de\/tr\/wp-json\/wp\/v2\/media\/7770167"}],"wp:attachment":[{"href":"https:\/\/hepsi-markt.de\/tr\/wp-json\/wp\/v2\/media?parent=7796699"}],"wp:term":[{"taxonomy":"product_brand","embeddable":true,"href":"https:\/\/hepsi-markt.de\/tr\/wp-json\/wp\/v2\/product_brand?post=7796699"},{"taxonomy":"product_cat","embeddable":true,"href":"https:\/\/hepsi-markt.de\/tr\/wp-json\/wp\/v2\/product_cat?post=7796699"},{"taxonomy":"product_tag","embeddable":true,"href":"https:\/\/hepsi-markt.de\/tr\/wp-json\/wp\/v2\/product_tag?post=7796699"}],"curies":[{"name":"wp","href":"https:\/\/api.w.org\/{rel}","templated":true}]}}