	{"id":7791330,"date":"2025-05-21T03:07:14","date_gmt":"2025-05-21T01:07:14","guid":{"rendered":"https:\/\/hepsi-markt.de\/produkt\/kaesebroetchen\/"},"modified":"2026-04-04T03:45:15","modified_gmt":"2026-04-04T01:45:15","slug":"kaesebroetchen","status":"publish","type":"product","link":"https:\/\/hepsi-markt.de\/tr\/produkt\/kaesebroetchen\/","title":{"rendered":"K\u00e4sebr\u00f6tchen"},"content":{"rendered":"","protected":false},"excerpt":{"rendered":"<p>1 St\u00fcck<br \/>St\u00fcck = 0,69<\/p>\n","protected":false},"featured_media":7790381,"template":"","meta":{"_acf_changed":false},"product_brand":[],"product_cat":[394],"product_tag":[],"class_list":{"0":"post-7791330","1":"product","2":"type-product","3":"status-publish","4":"has-post-thumbnail","6":"product_cat-backwaren-aufstriche-cerealien","8":"first","9":"instock","10":"shipping-taxable","11":"product-type-simple"},"acf":[],"_links":{"self":[{"href":"https:\/\/hepsi-markt.de\/tr\/wp-json\/wp\/v2\/product\/7791330","targetHints":{"allow":["GET"]}}],"collection":[{"href":"https:\/\/hepsi-markt.de\/tr\/wp-json\/wp\/v2\/product"}],"about":[{"href":"https:\/\/hepsi-markt.de\/tr\/wp-json\/wp\/v2\/types\/product"}],"wp:featuredmedia":[{"embeddable":true,"href":"https:\/\/hepsi-markt.de\/tr\/wp-json\/wp\/v2\/media\/7790381"}],"wp:attachment":[{"href":"https:\/\/hepsi-markt.de\/tr\/wp-json\/wp\/v2\/media?parent=7791330"}],"wp:term":[{"taxonomy":"product_brand","embeddable":true,"href":"https:\/\/hepsi-markt.de\/tr\/wp-json\/wp\/v2\/product_brand?post=7791330"},{"taxonomy":"product_cat","embeddable":true,"href":"https:\/\/hepsi-markt.de\/tr\/wp-json\/wp\/v2\/product_cat?post=7791330"},{"taxonomy":"product_tag","embeddable":true,"href":"https:\/\/hepsi-markt.de\/tr\/wp-json\/wp\/v2\/product_tag?post=7791330"}],"curies":[{"name":"wp","href":"https:\/\/api.w.org\/{rel}","templated":true}]}}