	{"id":7788309,"date":"2025-05-08T02:57:43","date_gmt":"2025-05-08T00:57:43","guid":{"rendered":"https:\/\/hepsi-markt.de\/produkt\/oezyoerem-parmak-sucuk-1kg\/"},"modified":"2026-04-04T03:14:16","modified_gmt":"2026-04-04T01:14:16","slug":"oezyoerem-parmak-sucuk-1kg","status":"publish","type":"product","link":"https:\/\/hepsi-markt.de\/tr\/produkt\/oezyoerem-parmak-sucuk-1kg\/","title":{"rendered":"\u00d6zy\u00f6rem Parmak Sucuk 1kg"},"content":{"rendered":"<p>\u00d6zy\u00f6rem Parmak Sucuk 1kg<\/p>\n","protected":false},"excerpt":{"rendered":"<p>1 KG<br \/>Kilogramm = 13,99<\/p>\n","protected":false},"featured_media":7732584,"template":"","meta":{"_acf_changed":false},"product_brand":[],"product_cat":[401],"product_tag":[],"class_list":{"0":"post-7788309","1":"product","2":"type-product","3":"status-publish","4":"has-post-thumbnail","6":"product_cat-wurstwaren","8":"first","9":"outofstock","10":"shipping-taxable","11":"product-type-simple"},"acf":[],"_links":{"self":[{"href":"https:\/\/hepsi-markt.de\/tr\/wp-json\/wp\/v2\/product\/7788309","targetHints":{"allow":["GET"]}}],"collection":[{"href":"https:\/\/hepsi-markt.de\/tr\/wp-json\/wp\/v2\/product"}],"about":[{"href":"https:\/\/hepsi-markt.de\/tr\/wp-json\/wp\/v2\/types\/product"}],"wp:featuredmedia":[{"embeddable":true,"href":"https:\/\/hepsi-markt.de\/tr\/wp-json\/wp\/v2\/media\/7732584"}],"wp:attachment":[{"href":"https:\/\/hepsi-markt.de\/tr\/wp-json\/wp\/v2\/media?parent=7788309"}],"wp:term":[{"taxonomy":"product_brand","embeddable":true,"href":"https:\/\/hepsi-markt.de\/tr\/wp-json\/wp\/v2\/product_brand?post=7788309"},{"taxonomy":"product_cat","embeddable":true,"href":"https:\/\/hepsi-markt.de\/tr\/wp-json\/wp\/v2\/product_cat?post=7788309"},{"taxonomy":"product_tag","embeddable":true,"href":"https:\/\/hepsi-markt.de\/tr\/wp-json\/wp\/v2\/product_tag?post=7788309"}],"curies":[{"name":"wp","href":"https:\/\/api.w.org\/{rel}","templated":true}]}}