	{"id":7784457,"date":"2025-03-25T02:30:17","date_gmt":"2025-03-25T01:30:17","guid":{"rendered":"https:\/\/hepsi-markt.de\/produkt\/oemuer-yogurt-35-1kg\/"},"modified":"2026-04-04T03:13:46","modified_gmt":"2026-04-04T01:13:46","slug":"oemuer-yogurt-35-1kg","status":"publish","type":"product","link":"https:\/\/hepsi-markt.de\/tr\/produkt\/oemuer-yogurt-35-1kg\/","title":{"rendered":"\u00d6m\u00fcr Yogurt  3,5% 1kg"},"content":{"rendered":"<p>\u00d6m\u00fcr Yogurt  3,5% 1kg<\/p>\n","protected":false},"excerpt":{"rendered":"<p>1 KG<br \/>Kilogramm = 1,99<\/p>\n","protected":false},"featured_media":7731765,"template":"","meta":{"_acf_changed":false},"product_brand":[],"product_cat":[393],"product_tag":[],"class_list":{"0":"post-7784457","1":"product","2":"type-product","3":"status-publish","4":"has-post-thumbnail","6":"product_cat-kaese-eier-molkerei","8":"first","9":"outofstock","10":"shipping-taxable","11":"product-type-simple"},"acf":[],"_links":{"self":[{"href":"https:\/\/hepsi-markt.de\/tr\/wp-json\/wp\/v2\/product\/7784457","targetHints":{"allow":["GET"]}}],"collection":[{"href":"https:\/\/hepsi-markt.de\/tr\/wp-json\/wp\/v2\/product"}],"about":[{"href":"https:\/\/hepsi-markt.de\/tr\/wp-json\/wp\/v2\/types\/product"}],"wp:featuredmedia":[{"embeddable":true,"href":"https:\/\/hepsi-markt.de\/tr\/wp-json\/wp\/v2\/media\/7731765"}],"wp:attachment":[{"href":"https:\/\/hepsi-markt.de\/tr\/wp-json\/wp\/v2\/media?parent=7784457"}],"wp:term":[{"taxonomy":"product_brand","embeddable":true,"href":"https:\/\/hepsi-markt.de\/tr\/wp-json\/wp\/v2\/product_brand?post=7784457"},{"taxonomy":"product_cat","embeddable":true,"href":"https:\/\/hepsi-markt.de\/tr\/wp-json\/wp\/v2\/product_cat?post=7784457"},{"taxonomy":"product_tag","embeddable":true,"href":"https:\/\/hepsi-markt.de\/tr\/wp-json\/wp\/v2\/product_tag?post=7784457"}],"curies":[{"name":"wp","href":"https:\/\/api.w.org\/{rel}","templated":true}]}}