	{"id":7782547,"date":"2025-03-07T02:31:37","date_gmt":"2025-03-07T01:31:37","guid":{"rendered":"https:\/\/hepsi-markt.de\/produkt\/oencue-yagli-siyah-zeytin-xl-l-1kg\/"},"modified":"2026-04-04T03:06:49","modified_gmt":"2026-04-04T01:06:49","slug":"oencue-yagli-siyah-zeytin-xl-l-1kg","status":"publish","type":"product","link":"https:\/\/hepsi-markt.de\/tr\/produkt\/oencue-yagli-siyah-zeytin-xl-l-1kg\/","title":{"rendered":"\u00d6nc\u00fc Yagli Siyah Zeytin XL-L 1Kg"},"content":{"rendered":"<p>\u00d6nc\u00fc Yagli Siyah Zeytin XL-L 1Kg<\/p>\n","protected":false},"excerpt":{"rendered":"<p>1000 G<br \/>1000 Gramm = 9,99<\/p>\n","protected":false},"featured_media":7725505,"template":"","meta":{"_acf_changed":false},"product_brand":[],"product_cat":[403],"product_tag":[],"class_list":{"0":"post-7782547","1":"product","2":"type-product","3":"status-publish","4":"has-post-thumbnail","6":"product_cat-oliven","8":"first","9":"instock","10":"shipping-taxable","11":"product-type-simple"},"acf":[],"_links":{"self":[{"href":"https:\/\/hepsi-markt.de\/tr\/wp-json\/wp\/v2\/product\/7782547","targetHints":{"allow":["GET"]}}],"collection":[{"href":"https:\/\/hepsi-markt.de\/tr\/wp-json\/wp\/v2\/product"}],"about":[{"href":"https:\/\/hepsi-markt.de\/tr\/wp-json\/wp\/v2\/types\/product"}],"wp:featuredmedia":[{"embeddable":true,"href":"https:\/\/hepsi-markt.de\/tr\/wp-json\/wp\/v2\/media\/7725505"}],"wp:attachment":[{"href":"https:\/\/hepsi-markt.de\/tr\/wp-json\/wp\/v2\/media?parent=7782547"}],"wp:term":[{"taxonomy":"product_brand","embeddable":true,"href":"https:\/\/hepsi-markt.de\/tr\/wp-json\/wp\/v2\/product_brand?post=7782547"},{"taxonomy":"product_cat","embeddable":true,"href":"https:\/\/hepsi-markt.de\/tr\/wp-json\/wp\/v2\/product_cat?post=7782547"},{"taxonomy":"product_tag","embeddable":true,"href":"https:\/\/hepsi-markt.de\/tr\/wp-json\/wp\/v2\/product_tag?post=7782547"}],"curies":[{"name":"wp","href":"https:\/\/api.w.org\/{rel}","templated":true}]}}