	{"id":7667240,"date":"2025-02-04T02:33:37","date_gmt":"2025-02-04T01:33:37","guid":{"rendered":"https:\/\/hepsi-markt.de\/produkt\/oencue-karisik-salca-370g\/"},"modified":"2026-04-04T03:27:02","modified_gmt":"2026-04-04T01:27:02","slug":"oencue-karisik-salca-370g","status":"publish","type":"product","link":"https:\/\/hepsi-markt.de\/tr\/produkt\/oencue-karisik-salca-370g\/","title":{"rendered":"\u00d6nc\u00fc Karisik Salca 370g"},"content":{"rendered":"<p>\u00d6nc\u00fc Karisik Salca 370g<\/p>\n","protected":false},"excerpt":{"rendered":"<p>370 G<br \/>1000 Gramm = 5,38<\/p>\n","protected":false},"featured_media":7749342,"template":"","meta":{"_acf_changed":false},"product_brand":[],"product_cat":[397],"product_tag":[],"class_list":{"0":"post-7667240","1":"product","2":"type-product","3":"status-publish","4":"has-post-thumbnail","6":"product_cat-fertiggerichte-konserven","8":"first","9":"instock","10":"shipping-taxable","11":"product-type-simple"},"acf":[],"_links":{"self":[{"href":"https:\/\/hepsi-markt.de\/tr\/wp-json\/wp\/v2\/product\/7667240","targetHints":{"allow":["GET"]}}],"collection":[{"href":"https:\/\/hepsi-markt.de\/tr\/wp-json\/wp\/v2\/product"}],"about":[{"href":"https:\/\/hepsi-markt.de\/tr\/wp-json\/wp\/v2\/types\/product"}],"wp:featuredmedia":[{"embeddable":true,"href":"https:\/\/hepsi-markt.de\/tr\/wp-json\/wp\/v2\/media\/7749342"}],"wp:attachment":[{"href":"https:\/\/hepsi-markt.de\/tr\/wp-json\/wp\/v2\/media?parent=7667240"}],"wp:term":[{"taxonomy":"product_brand","embeddable":true,"href":"https:\/\/hepsi-markt.de\/tr\/wp-json\/wp\/v2\/product_brand?post=7667240"},{"taxonomy":"product_cat","embeddable":true,"href":"https:\/\/hepsi-markt.de\/tr\/wp-json\/wp\/v2\/product_cat?post=7667240"},{"taxonomy":"product_tag","embeddable":true,"href":"https:\/\/hepsi-markt.de\/tr\/wp-json\/wp\/v2\/product_tag?post=7667240"}],"curies":[{"name":"wp","href":"https:\/\/api.w.org\/{rel}","templated":true}]}}