	{"id":7667228,"date":"2025-02-04T02:33:26","date_gmt":"2025-02-04T01:33:26","guid":{"rendered":"https:\/\/hepsi-markt.de\/produkt\/oencue-karisik-salca-700g\/"},"modified":"2026-04-04T03:03:41","modified_gmt":"2026-04-04T01:03:41","slug":"oencue-karisik-salca-700g","status":"publish","type":"product","link":"https:\/\/hepsi-markt.de\/tr\/produkt\/oencue-karisik-salca-700g\/","title":{"rendered":"\u00d6nc\u00fc Karisik Salca 700g"},"content":{"rendered":"<p>\u00d6nc\u00fc Karisik Salca 700g<\/p>\n","protected":false},"excerpt":{"rendered":"<p>700 G<br \/>1000 Gramm = 4,99<\/p>\n","protected":false},"featured_media":7720785,"template":"","meta":{"_acf_changed":false},"product_brand":[],"product_cat":[397],"product_tag":[],"class_list":{"0":"post-7667228","1":"product","2":"type-product","3":"status-publish","4":"has-post-thumbnail","6":"product_cat-fertiggerichte-konserven","8":"first","9":"instock","10":"shipping-taxable","11":"product-type-simple"},"acf":[],"_links":{"self":[{"href":"https:\/\/hepsi-markt.de\/tr\/wp-json\/wp\/v2\/product\/7667228","targetHints":{"allow":["GET"]}}],"collection":[{"href":"https:\/\/hepsi-markt.de\/tr\/wp-json\/wp\/v2\/product"}],"about":[{"href":"https:\/\/hepsi-markt.de\/tr\/wp-json\/wp\/v2\/types\/product"}],"wp:featuredmedia":[{"embeddable":true,"href":"https:\/\/hepsi-markt.de\/tr\/wp-json\/wp\/v2\/media\/7720785"}],"wp:attachment":[{"href":"https:\/\/hepsi-markt.de\/tr\/wp-json\/wp\/v2\/media?parent=7667228"}],"wp:term":[{"taxonomy":"product_brand","embeddable":true,"href":"https:\/\/hepsi-markt.de\/tr\/wp-json\/wp\/v2\/product_brand?post=7667228"},{"taxonomy":"product_cat","embeddable":true,"href":"https:\/\/hepsi-markt.de\/tr\/wp-json\/wp\/v2\/product_cat?post=7667228"},{"taxonomy":"product_tag","embeddable":true,"href":"https:\/\/hepsi-markt.de\/tr\/wp-json\/wp\/v2\/product_tag?post=7667228"}],"curies":[{"name":"wp","href":"https:\/\/api.w.org\/{rel}","templated":true}]}}