	{"id":7664268,"date":"2025-01-11T02:36:55","date_gmt":"2025-01-11T01:36:55","guid":{"rendered":"https:\/\/hepsi-markt.de\/produkt\/oeztuerk-filiz-yaprak-cay\/"},"modified":"2026-04-04T03:09:41","modified_gmt":"2026-04-04T01:09:41","slug":"oeztuerk-filiz-yaprak-cay","status":"publish","type":"product","link":"https:\/\/hepsi-markt.de\/tr\/produkt\/oeztuerk-filiz-yaprak-cay\/","title":{"rendered":"\u00d6zt\u00fcrk Filiz Yaprak Cay"},"content":{"rendered":"<p>\u00d6zt\u00fcrk Filiz Yaprak Cay 500g<\/p>\n","protected":false},"excerpt":{"rendered":"<p>500 G<br \/>1000 Gramm = 10,98<\/p>\n","protected":false},"featured_media":7727984,"template":"","meta":{"_acf_changed":false},"product_brand":[],"product_cat":[402],"product_tag":[],"class_list":{"0":"post-7664268","1":"product","2":"type-product","3":"status-publish","4":"has-post-thumbnail","6":"product_cat-kaffeetee-kakao","8":"first","9":"outofstock","10":"shipping-taxable","11":"product-type-simple"},"acf":[],"_links":{"self":[{"href":"https:\/\/hepsi-markt.de\/tr\/wp-json\/wp\/v2\/product\/7664268","targetHints":{"allow":["GET"]}}],"collection":[{"href":"https:\/\/hepsi-markt.de\/tr\/wp-json\/wp\/v2\/product"}],"about":[{"href":"https:\/\/hepsi-markt.de\/tr\/wp-json\/wp\/v2\/types\/product"}],"wp:featuredmedia":[{"embeddable":true,"href":"https:\/\/hepsi-markt.de\/tr\/wp-json\/wp\/v2\/media\/7727984"}],"wp:attachment":[{"href":"https:\/\/hepsi-markt.de\/tr\/wp-json\/wp\/v2\/media?parent=7664268"}],"wp:term":[{"taxonomy":"product_brand","embeddable":true,"href":"https:\/\/hepsi-markt.de\/tr\/wp-json\/wp\/v2\/product_brand?post=7664268"},{"taxonomy":"product_cat","embeddable":true,"href":"https:\/\/hepsi-markt.de\/tr\/wp-json\/wp\/v2\/product_cat?post=7664268"},{"taxonomy":"product_tag","embeddable":true,"href":"https:\/\/hepsi-markt.de\/tr\/wp-json\/wp\/v2\/product_tag?post=7664268"}],"curies":[{"name":"wp","href":"https:\/\/api.w.org\/{rel}","templated":true}]}}