	{"id":7662456,"date":"2024-12-19T02:38:36","date_gmt":"2024-12-19T01:38:36","guid":{"rendered":"https:\/\/hepsi-markt.de\/produkt\/goezde-frische-uecgen-yufka-380g\/"},"modified":"2026-04-04T03:33:46","modified_gmt":"2026-04-04T01:33:46","slug":"goezde-frische-uecgen-yufka-380g","status":"publish","type":"product","link":"https:\/\/hepsi-markt.de\/tr\/produkt\/goezde-frische-uecgen-yufka-380g\/","title":{"rendered":"G\u00f6zde Frische \u00dccgen Yufka"},"content":{"rendered":"<p>G\u00f6zde Frische \u00dccgen Yufka 350g<\/p>\n","protected":false},"excerpt":{"rendered":"<p>350g<br \/>1000 Gramm = 6,26<\/p>\n","protected":false},"featured_media":7765858,"template":"","meta":{"_acf_changed":false},"product_brand":[],"product_cat":[393],"product_tag":[],"class_list":{"0":"post-7662456","1":"product","2":"type-product","3":"status-publish","4":"has-post-thumbnail","6":"product_cat-kaese-eier-molkerei","8":"first","9":"instock","10":"shipping-taxable","11":"product-type-simple"},"acf":[],"_links":{"self":[{"href":"https:\/\/hepsi-markt.de\/tr\/wp-json\/wp\/v2\/product\/7662456","targetHints":{"allow":["GET"]}}],"collection":[{"href":"https:\/\/hepsi-markt.de\/tr\/wp-json\/wp\/v2\/product"}],"about":[{"href":"https:\/\/hepsi-markt.de\/tr\/wp-json\/wp\/v2\/types\/product"}],"wp:featuredmedia":[{"embeddable":true,"href":"https:\/\/hepsi-markt.de\/tr\/wp-json\/wp\/v2\/media\/7765858"}],"wp:attachment":[{"href":"https:\/\/hepsi-markt.de\/tr\/wp-json\/wp\/v2\/media?parent=7662456"}],"wp:term":[{"taxonomy":"product_brand","embeddable":true,"href":"https:\/\/hepsi-markt.de\/tr\/wp-json\/wp\/v2\/product_brand?post=7662456"},{"taxonomy":"product_cat","embeddable":true,"href":"https:\/\/hepsi-markt.de\/tr\/wp-json\/wp\/v2\/product_cat?post=7662456"},{"taxonomy":"product_tag","embeddable":true,"href":"https:\/\/hepsi-markt.de\/tr\/wp-json\/wp\/v2\/product_tag?post=7662456"}],"curies":[{"name":"wp","href":"https:\/\/api.w.org\/{rel}","templated":true}]}}