	{"id":7662139,"date":"2024-12-14T03:14:03","date_gmt":"2024-12-14T02:14:03","guid":{"rendered":"https:\/\/hepsi-markt.de\/produkt\/muellsaecke-m-zugband-120l\/"},"modified":"2026-04-04T03:31:55","modified_gmt":"2026-04-04T01:31:55","slug":"muellsaecke-m-zugband-120l","status":"publish","type":"product","link":"https:\/\/hepsi-markt.de\/tr\/produkt\/muellsaecke-m-zugband-120l\/","title":{"rendered":"M\u00fclls\u00e4cke m. Zugband 120L 20St."},"content":{"rendered":"<p>M\u00fclls\u00e4cke m. Zugband 120L<\/p>\n","protected":false},"excerpt":{"rendered":"<p>20 ST<br \/>St\u00fcck = 0,15<\/p>\n","protected":false},"featured_media":7761358,"template":"","meta":{"_acf_changed":false},"product_brand":[],"product_cat":[392],"product_tag":[],"class_list":{"0":"post-7662139","1":"product","2":"type-product","3":"status-publish","4":"has-post-thumbnail","6":"product_cat-kueche-haushalt","8":"first","9":"outofstock","10":"shipping-taxable","11":"product-type-simple"},"acf":[],"_links":{"self":[{"href":"https:\/\/hepsi-markt.de\/tr\/wp-json\/wp\/v2\/product\/7662139","targetHints":{"allow":["GET"]}}],"collection":[{"href":"https:\/\/hepsi-markt.de\/tr\/wp-json\/wp\/v2\/product"}],"about":[{"href":"https:\/\/hepsi-markt.de\/tr\/wp-json\/wp\/v2\/types\/product"}],"wp:featuredmedia":[{"embeddable":true,"href":"https:\/\/hepsi-markt.de\/tr\/wp-json\/wp\/v2\/media\/7761358"}],"wp:attachment":[{"href":"https:\/\/hepsi-markt.de\/tr\/wp-json\/wp\/v2\/media?parent=7662139"}],"wp:term":[{"taxonomy":"product_brand","embeddable":true,"href":"https:\/\/hepsi-markt.de\/tr\/wp-json\/wp\/v2\/product_brand?post=7662139"},{"taxonomy":"product_cat","embeddable":true,"href":"https:\/\/hepsi-markt.de\/tr\/wp-json\/wp\/v2\/product_cat?post=7662139"},{"taxonomy":"product_tag","embeddable":true,"href":"https:\/\/hepsi-markt.de\/tr\/wp-json\/wp\/v2\/product_tag?post=7662139"}],"curies":[{"name":"wp","href":"https:\/\/api.w.org\/{rel}","templated":true}]}}