	{"id":7660428,"date":"2024-12-09T12:10:37","date_gmt":"2024-12-09T11:10:37","guid":{"rendered":"https:\/\/hepsi-markt.de\/produkt\/gg-fruechte-muesli-1kg\/"},"modified":"2026-04-03T02:46:08","modified_gmt":"2026-04-03T00:46:08","slug":"gg-fruechte-muesli-1kg","status":"publish","type":"product","link":"https:\/\/hepsi-markt.de\/tr\/produkt\/gg-fruechte-muesli-1kg\/","title":{"rendered":"G&amp;G Fr\u00fcchte M\u00fcsli 1Kg"},"content":{"rendered":"<p>G&amp;G Fr\u00fcchte M\u00fcsli 1Kg<\/p>\n","protected":false},"excerpt":{"rendered":"<p>1000g<br \/>1000 Gramm = 2,79<\/p>\n","protected":false},"featured_media":7774982,"template":"","meta":{"_acf_changed":false},"product_brand":[],"product_cat":[395],"product_tag":[],"class_list":{"0":"post-7660428","1":"product","2":"type-product","3":"status-publish","4":"has-post-thumbnail","6":"product_cat-kochen-backen","8":"first","9":"outofstock","10":"shipping-taxable","11":"product-type-simple"},"acf":[],"_links":{"self":[{"href":"https:\/\/hepsi-markt.de\/tr\/wp-json\/wp\/v2\/product\/7660428","targetHints":{"allow":["GET"]}}],"collection":[{"href":"https:\/\/hepsi-markt.de\/tr\/wp-json\/wp\/v2\/product"}],"about":[{"href":"https:\/\/hepsi-markt.de\/tr\/wp-json\/wp\/v2\/types\/product"}],"wp:featuredmedia":[{"embeddable":true,"href":"https:\/\/hepsi-markt.de\/tr\/wp-json\/wp\/v2\/media\/7774982"}],"wp:attachment":[{"href":"https:\/\/hepsi-markt.de\/tr\/wp-json\/wp\/v2\/media?parent=7660428"}],"wp:term":[{"taxonomy":"product_brand","embeddable":true,"href":"https:\/\/hepsi-markt.de\/tr\/wp-json\/wp\/v2\/product_brand?post=7660428"},{"taxonomy":"product_cat","embeddable":true,"href":"https:\/\/hepsi-markt.de\/tr\/wp-json\/wp\/v2\/product_cat?post=7660428"},{"taxonomy":"product_tag","embeddable":true,"href":"https:\/\/hepsi-markt.de\/tr\/wp-json\/wp\/v2\/product_tag?post=7660428"}],"curies":[{"name":"wp","href":"https:\/\/api.w.org\/{rel}","templated":true}]}}