	{"id":7660163,"date":"2024-12-09T12:06:58","date_gmt":"2024-12-09T11:06:58","guid":{"rendered":"https:\/\/hepsi-markt.de\/produkt\/knorr-sosse-kraeuter-2x250ml\/"},"modified":"2026-04-05T02:43:11","modified_gmt":"2026-04-05T00:43:11","slug":"knorr-sosse-kraeuter-2x250ml","status":"publish","type":"product","link":"https:\/\/hepsi-markt.de\/tr\/produkt\/knorr-sosse-kraeuter-2x250ml\/","title":{"rendered":"Knorr So\u00dfe Kr\u00e4uter  2x250ml"},"content":{"rendered":"<p>Knorr So\u00dfe Kr\u00e4uter  2x250ml<\/p>\n","protected":false},"excerpt":{"rendered":"<p>500ml<br \/>1000 Milliliter = 2,38<\/p>\n","protected":false},"featured_media":7770076,"template":"","meta":{"_acf_changed":false},"product_brand":[],"product_cat":[397],"product_tag":[],"class_list":{"0":"post-7660163","1":"product","2":"type-product","3":"status-publish","4":"has-post-thumbnail","6":"product_cat-fertiggerichte-konserven","8":"first","9":"outofstock","10":"shipping-taxable","11":"product-type-simple"},"acf":[],"_links":{"self":[{"href":"https:\/\/hepsi-markt.de\/tr\/wp-json\/wp\/v2\/product\/7660163","targetHints":{"allow":["GET"]}}],"collection":[{"href":"https:\/\/hepsi-markt.de\/tr\/wp-json\/wp\/v2\/product"}],"about":[{"href":"https:\/\/hepsi-markt.de\/tr\/wp-json\/wp\/v2\/types\/product"}],"wp:featuredmedia":[{"embeddable":true,"href":"https:\/\/hepsi-markt.de\/tr\/wp-json\/wp\/v2\/media\/7770076"}],"wp:attachment":[{"href":"https:\/\/hepsi-markt.de\/tr\/wp-json\/wp\/v2\/media?parent=7660163"}],"wp:term":[{"taxonomy":"product_brand","embeddable":true,"href":"https:\/\/hepsi-markt.de\/tr\/wp-json\/wp\/v2\/product_brand?post=7660163"},{"taxonomy":"product_cat","embeddable":true,"href":"https:\/\/hepsi-markt.de\/tr\/wp-json\/wp\/v2\/product_cat?post=7660163"},{"taxonomy":"product_tag","embeddable":true,"href":"https:\/\/hepsi-markt.de\/tr\/wp-json\/wp\/v2\/product_tag?post=7660163"}],"curies":[{"name":"wp","href":"https:\/\/api.w.org\/{rel}","templated":true}]}}