	{"id":7659920,"date":"2024-12-09T12:03:37","date_gmt":"2024-12-09T11:03:37","guid":{"rendered":"https:\/\/hepsi-markt.de\/produkt\/gg-100-praegeservietten-weiss\/"},"modified":"2026-04-03T02:41:26","modified_gmt":"2026-04-03T00:41:26","slug":"gg-100-praegeservietten-weiss","status":"publish","type":"product","link":"https:\/\/hepsi-markt.de\/tr\/produkt\/gg-100-praegeservietten-weiss\/","title":{"rendered":"G&amp;G Pr\u00e4geservietten 33x33cm 100ST weiss"},"content":{"rendered":"<p>G&amp;G 100 Pr\u00e4geservietten wei\u00df<\/p>\n","protected":false},"excerpt":{"rendered":"<p>100 Stk<br \/>St\u00fcck = 0,01<\/p>\n","protected":false},"featured_media":7765553,"template":"","meta":{"_acf_changed":false},"product_brand":[],"product_cat":[392],"product_tag":[],"class_list":{"0":"post-7659920","1":"product","2":"type-product","3":"status-publish","4":"has-post-thumbnail","6":"product_cat-kueche-haushalt","8":"first","9":"outofstock","10":"shipping-taxable","11":"product-type-simple"},"acf":[],"_links":{"self":[{"href":"https:\/\/hepsi-markt.de\/tr\/wp-json\/wp\/v2\/product\/7659920","targetHints":{"allow":["GET"]}}],"collection":[{"href":"https:\/\/hepsi-markt.de\/tr\/wp-json\/wp\/v2\/product"}],"about":[{"href":"https:\/\/hepsi-markt.de\/tr\/wp-json\/wp\/v2\/types\/product"}],"wp:featuredmedia":[{"embeddable":true,"href":"https:\/\/hepsi-markt.de\/tr\/wp-json\/wp\/v2\/media\/7765553"}],"wp:attachment":[{"href":"https:\/\/hepsi-markt.de\/tr\/wp-json\/wp\/v2\/media?parent=7659920"}],"wp:term":[{"taxonomy":"product_brand","embeddable":true,"href":"https:\/\/hepsi-markt.de\/tr\/wp-json\/wp\/v2\/product_brand?post=7659920"},{"taxonomy":"product_cat","embeddable":true,"href":"https:\/\/hepsi-markt.de\/tr\/wp-json\/wp\/v2\/product_cat?post=7659920"},{"taxonomy":"product_tag","embeddable":true,"href":"https:\/\/hepsi-markt.de\/tr\/wp-json\/wp\/v2\/product_tag?post=7659920"}],"curies":[{"name":"wp","href":"https:\/\/api.w.org\/{rel}","templated":true}]}}