	{"id":7657654,"date":"2024-12-09T11:32:39","date_gmt":"2024-12-09T10:32:39","guid":{"rendered":"https:\/\/hepsi-markt.de\/produkt\/oencue-getr-auberginen-25-st\/"},"modified":"2026-04-04T03:07:11","modified_gmt":"2026-04-04T01:07:11","slug":"oencue-getr-auberginen-25-st","status":"publish","type":"product","link":"https:\/\/hepsi-markt.de\/tr\/produkt\/oencue-getr-auberginen-25-st\/","title":{"rendered":"\u00d6nc\u00fc Getr. Auberginen 25 St."},"content":{"rendered":"<p>\u00d6nc\u00fc Getr. Auberginen 25 St.<\/p>\n","protected":false},"excerpt":{"rendered":"<p>25 STK<br \/>St\u00fcck = 0,19<\/p>\n","protected":false},"featured_media":7725830,"template":"","meta":{"_acf_changed":false},"product_brand":[],"product_cat":[395],"product_tag":[],"class_list":{"0":"post-7657654","1":"product","2":"type-product","3":"status-publish","4":"has-post-thumbnail","6":"product_cat-kochen-backen","8":"first","9":"outofstock","10":"shipping-taxable","11":"product-type-simple"},"acf":[],"_links":{"self":[{"href":"https:\/\/hepsi-markt.de\/tr\/wp-json\/wp\/v2\/product\/7657654","targetHints":{"allow":["GET"]}}],"collection":[{"href":"https:\/\/hepsi-markt.de\/tr\/wp-json\/wp\/v2\/product"}],"about":[{"href":"https:\/\/hepsi-markt.de\/tr\/wp-json\/wp\/v2\/types\/product"}],"wp:featuredmedia":[{"embeddable":true,"href":"https:\/\/hepsi-markt.de\/tr\/wp-json\/wp\/v2\/media\/7725830"}],"wp:attachment":[{"href":"https:\/\/hepsi-markt.de\/tr\/wp-json\/wp\/v2\/media?parent=7657654"}],"wp:term":[{"taxonomy":"product_brand","embeddable":true,"href":"https:\/\/hepsi-markt.de\/tr\/wp-json\/wp\/v2\/product_brand?post=7657654"},{"taxonomy":"product_cat","embeddable":true,"href":"https:\/\/hepsi-markt.de\/tr\/wp-json\/wp\/v2\/product_cat?post=7657654"},{"taxonomy":"product_tag","embeddable":true,"href":"https:\/\/hepsi-markt.de\/tr\/wp-json\/wp\/v2\/product_tag?post=7657654"}],"curies":[{"name":"wp","href":"https:\/\/api.w.org\/{rel}","templated":true}]}}