	{"id":7657643,"date":"2024-12-09T11:32:30","date_gmt":"2024-12-09T10:32:30","guid":{"rendered":"https:\/\/hepsi-markt.de\/produkt\/oencue-domates-salca-1650g\/"},"modified":"2026-04-04T03:06:55","modified_gmt":"2026-04-04T01:06:55","slug":"oencue-domates-salca-1650g","status":"publish","type":"product","link":"https:\/\/hepsi-markt.de\/tr\/produkt\/oencue-domates-salca-1650g\/","title":{"rendered":"\u00d6nc\u00fc Domates Salca 1650g"},"content":{"rendered":"<p>\u00d6nc\u00fc Domates Salca 1650g<\/p>\n","protected":false},"excerpt":{"rendered":"<p>1650 G<br \/>1000 Gramm = 3,33<\/p>\n","protected":false},"featured_media":7725531,"template":"","meta":{"_acf_changed":false},"product_brand":[],"product_cat":[395],"product_tag":[],"class_list":{"0":"post-7657643","1":"product","2":"type-product","3":"status-publish","4":"has-post-thumbnail","6":"product_cat-kochen-backen","8":"first","9":"outofstock","10":"shipping-taxable","11":"product-type-simple"},"acf":[],"_links":{"self":[{"href":"https:\/\/hepsi-markt.de\/tr\/wp-json\/wp\/v2\/product\/7657643","targetHints":{"allow":["GET"]}}],"collection":[{"href":"https:\/\/hepsi-markt.de\/tr\/wp-json\/wp\/v2\/product"}],"about":[{"href":"https:\/\/hepsi-markt.de\/tr\/wp-json\/wp\/v2\/types\/product"}],"wp:featuredmedia":[{"embeddable":true,"href":"https:\/\/hepsi-markt.de\/tr\/wp-json\/wp\/v2\/media\/7725531"}],"wp:attachment":[{"href":"https:\/\/hepsi-markt.de\/tr\/wp-json\/wp\/v2\/media?parent=7657643"}],"wp:term":[{"taxonomy":"product_brand","embeddable":true,"href":"https:\/\/hepsi-markt.de\/tr\/wp-json\/wp\/v2\/product_brand?post=7657643"},{"taxonomy":"product_cat","embeddable":true,"href":"https:\/\/hepsi-markt.de\/tr\/wp-json\/wp\/v2\/product_cat?post=7657643"},{"taxonomy":"product_tag","embeddable":true,"href":"https:\/\/hepsi-markt.de\/tr\/wp-json\/wp\/v2\/product_tag?post=7657643"}],"curies":[{"name":"wp","href":"https:\/\/api.w.org\/{rel}","templated":true}]}}