	{"id":7656694,"date":"2024-12-09T11:19:45","date_gmt":"2024-12-09T10:19:45","guid":{"rendered":"https:\/\/hepsi-markt.de\/produkt\/gg-suessstoff-spender\/"},"modified":"2026-04-03T02:01:33","modified_gmt":"2026-04-03T00:01:33","slug":"gg-suessstoff-spender","status":"publish","type":"product","link":"https:\/\/hepsi-markt.de\/tr\/produkt\/gg-suessstoff-spender\/","title":{"rendered":"G&amp;g S\u00fc\u00dfstoff Spender"},"content":{"rendered":"<p>G&amp;g S\u00fc\u00dfstoff Spender<\/p>\n","protected":false},"excerpt":{"rendered":"<p>72 G<br \/>100 Gramm = 1,65<\/p>\n","protected":false},"featured_media":7709429,"template":"","meta":{"_acf_changed":false},"product_brand":[],"product_cat":[395],"product_tag":[],"class_list":{"0":"post-7656694","1":"product","2":"type-product","3":"status-publish","4":"has-post-thumbnail","6":"product_cat-kochen-backen","8":"first","9":"outofstock","10":"shipping-taxable","11":"product-type-simple"},"acf":[],"_links":{"self":[{"href":"https:\/\/hepsi-markt.de\/tr\/wp-json\/wp\/v2\/product\/7656694","targetHints":{"allow":["GET"]}}],"collection":[{"href":"https:\/\/hepsi-markt.de\/tr\/wp-json\/wp\/v2\/product"}],"about":[{"href":"https:\/\/hepsi-markt.de\/tr\/wp-json\/wp\/v2\/types\/product"}],"wp:featuredmedia":[{"embeddable":true,"href":"https:\/\/hepsi-markt.de\/tr\/wp-json\/wp\/v2\/media\/7709429"}],"wp:attachment":[{"href":"https:\/\/hepsi-markt.de\/tr\/wp-json\/wp\/v2\/media?parent=7656694"}],"wp:term":[{"taxonomy":"product_brand","embeddable":true,"href":"https:\/\/hepsi-markt.de\/tr\/wp-json\/wp\/v2\/product_brand?post=7656694"},{"taxonomy":"product_cat","embeddable":true,"href":"https:\/\/hepsi-markt.de\/tr\/wp-json\/wp\/v2\/product_cat?post=7656694"},{"taxonomy":"product_tag","embeddable":true,"href":"https:\/\/hepsi-markt.de\/tr\/wp-json\/wp\/v2\/product_tag?post=7656694"}],"curies":[{"name":"wp","href":"https:\/\/api.w.org\/{rel}","templated":true}]}}