	{"id":7653470,"date":"2024-12-06T18:27:44","date_gmt":"2024-12-06T17:27:44","guid":{"rendered":"https:\/\/hepsi-markt.de\/produkt\/guellue-cig-koeftelik-bulgur-5kg\/"},"modified":"2026-04-04T03:37:19","modified_gmt":"2026-04-04T01:37:19","slug":"guellue-cig-koeftelik-bulgur-5kg","status":"publish","type":"product","link":"https:\/\/hepsi-markt.de\/tr\/produkt\/guellue-cig-koeftelik-bulgur-5kg\/","title":{"rendered":"G\u00fcll\u00fc Cig K\u00f6ftelik Bulgur 5kg"},"content":{"rendered":"<p>G\u00fcll\u00fc Cig K\u00f6ftelik Bulgur 5kg<\/p>\n","protected":false},"excerpt":{"rendered":"<p>5000g<br \/>1000 Gramm = 1,4<\/p>\n","protected":false},"featured_media":7772352,"template":"","meta":{"_acf_changed":false},"product_brand":[],"product_cat":[395],"product_tag":[],"class_list":{"0":"post-7653470","1":"product","2":"type-product","3":"status-publish","4":"has-post-thumbnail","6":"product_cat-kochen-backen","8":"first","9":"outofstock","10":"shipping-taxable","11":"product-type-simple"},"acf":[],"_links":{"self":[{"href":"https:\/\/hepsi-markt.de\/tr\/wp-json\/wp\/v2\/product\/7653470","targetHints":{"allow":["GET"]}}],"collection":[{"href":"https:\/\/hepsi-markt.de\/tr\/wp-json\/wp\/v2\/product"}],"about":[{"href":"https:\/\/hepsi-markt.de\/tr\/wp-json\/wp\/v2\/types\/product"}],"wp:featuredmedia":[{"embeddable":true,"href":"https:\/\/hepsi-markt.de\/tr\/wp-json\/wp\/v2\/media\/7772352"}],"wp:attachment":[{"href":"https:\/\/hepsi-markt.de\/tr\/wp-json\/wp\/v2\/media?parent=7653470"}],"wp:term":[{"taxonomy":"product_brand","embeddable":true,"href":"https:\/\/hepsi-markt.de\/tr\/wp-json\/wp\/v2\/product_brand?post=7653470"},{"taxonomy":"product_cat","embeddable":true,"href":"https:\/\/hepsi-markt.de\/tr\/wp-json\/wp\/v2\/product_cat?post=7653470"},{"taxonomy":"product_tag","embeddable":true,"href":"https:\/\/hepsi-markt.de\/tr\/wp-json\/wp\/v2\/product_tag?post=7653470"}],"curies":[{"name":"wp","href":"https:\/\/api.w.org\/{rel}","templated":true}]}}