	{"id":7653398,"date":"2024-12-06T18:26:45","date_gmt":"2024-12-06T17:26:45","guid":{"rendered":"https:\/\/hepsi-markt.de\/produkt\/guellue-koeftelik-bulg-25kg\/"},"modified":"2026-04-04T03:36:08","modified_gmt":"2026-04-04T01:36:08","slug":"guellue-koeftelik-bulg-25kg","status":"publish","type":"product","link":"https:\/\/hepsi-markt.de\/tr\/produkt\/guellue-koeftelik-bulg-25kg\/","title":{"rendered":"G\u00fcll\u00fc K\u00f6ftelik Bulg. 2,5Kg"},"content":{"rendered":"<p>G\u00fcll\u00fc K\u00f6ftelik Bulg. 2,5Kg<\/p>\n","protected":false},"excerpt":{"rendered":"<p>2,5Kg<br \/>Kilogramm = 1,6<\/p>\n","protected":false},"featured_media":7770662,"template":"","meta":{"_acf_changed":false},"product_brand":[],"product_cat":[395],"product_tag":[],"class_list":{"0":"post-7653398","1":"product","2":"type-product","3":"status-publish","4":"has-post-thumbnail","6":"product_cat-kochen-backen","8":"first","9":"instock","10":"shipping-taxable","11":"product-type-simple"},"acf":[],"_links":{"self":[{"href":"https:\/\/hepsi-markt.de\/tr\/wp-json\/wp\/v2\/product\/7653398","targetHints":{"allow":["GET"]}}],"collection":[{"href":"https:\/\/hepsi-markt.de\/tr\/wp-json\/wp\/v2\/product"}],"about":[{"href":"https:\/\/hepsi-markt.de\/tr\/wp-json\/wp\/v2\/types\/product"}],"wp:featuredmedia":[{"embeddable":true,"href":"https:\/\/hepsi-markt.de\/tr\/wp-json\/wp\/v2\/media\/7770662"}],"wp:attachment":[{"href":"https:\/\/hepsi-markt.de\/tr\/wp-json\/wp\/v2\/media?parent=7653398"}],"wp:term":[{"taxonomy":"product_brand","embeddable":true,"href":"https:\/\/hepsi-markt.de\/tr\/wp-json\/wp\/v2\/product_brand?post=7653398"},{"taxonomy":"product_cat","embeddable":true,"href":"https:\/\/hepsi-markt.de\/tr\/wp-json\/wp\/v2\/product_cat?post=7653398"},{"taxonomy":"product_tag","embeddable":true,"href":"https:\/\/hepsi-markt.de\/tr\/wp-json\/wp\/v2\/product_tag?post=7653398"}],"curies":[{"name":"wp","href":"https:\/\/api.w.org\/{rel}","templated":true}]}}